{"id":16,"date":"2018-08-10T12:06:08","date_gmt":"2018-08-10T09:06:08","guid":{"rendered":"https:\/\/monaco.lt\/pasikrauk\/apmokejimas\/"},"modified":"2022-12-14T14:17:01","modified_gmt":"2022-12-14T12:17:01","slug":"apmokejimas","status":"publish","type":"page","link":"https:\/\/monaco.lt\/pasikrauk\/apmokejimas\/","title":{"rendered":"Apmok\u0117jimas"},"content":{"rendered":"<h2 style=\"text-align: center;\"><strong>D\u0117kui u\u017e tai, kad r\u016bpiniesi savimi!<!--[if !supportLineBreakNewLine]--><\/strong><\/h2>\n<p><div class=\"woocommerce\"><\/div><span><a href=\"https:\/\/monaco.lt\/pasikrauk\/\">Knygos reklama<\/a><\/span><span><a href=\"https:\/\/monaco.lt\/pasikrauk\/kontaktai\/\">Kontaktai<\/a><\/span><span><a href=\"https:\/\/monaco.lt\/pasikrauk\/naudojimosi-taisykles-ir-prekiu-grazinimo-salygos\/\">Gr\u0105\u017einimas\/taisykl\u0117s<\/a><\/span><\/p>\n<p style=\"text-align: right;\">Jei naudojate <strong>iPhone Safari<\/strong> telefon\u0105\/nar\u0161ykl\u0119 ir mygtukas \u201eApmok\u0117ti\u201c neveikia (nereaguoja), pabandykite u\u017esakym\u0105 atlikti per&nbsp;<em>Chrome,&nbsp;<\/em><em>Firefox <\/em>arba&nbsp;<em>Edge <\/em>nar\u0161ykl\u0119 telefone arba kompiuteryje<em>.<\/em><\/p>\n","protected":false},"excerpt":{"rendered":"<p>D\u0117kui u\u017e tai, kad r\u016bpiniesi savimi! Knygos reklamaKontaktaiGr\u0105\u017einimas\/taisykl\u0117s Jei naudojate iPhone Safari telefon\u0105\/nar\u0161ykl\u0119 ir mygtukas \u201eApmok\u0117ti\u201c neveikia (nereaguoja), pabandykite u\u017esakym\u0105 atlikti per&nbsp;Chrome,&nbsp;Firefox arba&nbsp;Edge nar\u0161ykl\u0119 telefone arba kompiuteryje.<\/p>\n","protected":false},"author":2,"featured_media":0,"parent":0,"menu_order":0,"comment_status":"closed","ping_status":"closed","template":"","meta":[],"yoast_head":"<!-- This site is optimized with the Yoast SEO plugin v19.0 - https:\/\/yoast.com\/wordpress\/plugins\/seo\/ -->\n<title>Apmok\u0117jimas - Alex Monaco KNYGA<\/title>\n<meta name=\"description\" content=\"\u012ekrautos mintys - pirkti online! Tavo laim\u0117 negali laukti \u0161e\u0161tadienio!\" \/>\n<meta name=\"robots\" content=\"index, follow, max-snippet:-1, max-image-preview:large, max-video-preview:-1\" \/>\n<link rel=\"canonical\" href=\"https:\/\/monaco.lt\/pasikrauk\/apmokejimas\/\" \/>\n<meta property=\"og:locale\" content=\"lt_LT\" \/>\n<meta property=\"og:type\" content=\"article\" \/>\n<meta property=\"og:title\" content=\"Apmok\u0117jimas - Alex Monaco KNYGA\" \/>\n<meta property=\"og:description\" content=\"\u012ekrautos mintys - pirkti online! Tavo laim\u0117 negali laukti \u0161e\u0161tadienio!\" \/>\n<meta property=\"og:url\" content=\"https:\/\/monaco.lt\/pasikrauk\/apmokejimas\/\" \/>\n<meta property=\"og:site_name\" content=\"Alex Monaco KNYGA\" \/>\n<meta property=\"article:modified_time\" content=\"2022-12-14T12:17:01+00:00\" \/>\n<meta name=\"twitter:card\" content=\"summary_large_image\" \/>\n<meta name=\"twitter:label1\" content=\"Est. reading time\" \/>\n\t<meta name=\"twitter:data1\" content=\"1 minut\u0117\" \/>\n<script type=\"application\/ld+json\" class=\"yoast-schema-graph\">{\"@context\":\"https:\/\/schema.org\",\"@graph\":[{\"@type\":\"WebSite\",\"@id\":\"https:\/\/monaco.lt\/pasikrauk\/#website\",\"url\":\"https:\/\/monaco.lt\/pasikrauk\/\",\"name\":\"Alex Monaco KNYGA\",\"description\":\"Alex Monaco knyga\",\"potentialAction\":[{\"@type\":\"SearchAction\",\"target\":{\"@type\":\"EntryPoint\",\"urlTemplate\":\"https:\/\/monaco.lt\/pasikrauk\/?s={search_term_string}\"},\"query-input\":\"required name=search_term_string\"}],\"inLanguage\":\"lt-LT\"},{\"@type\":\"WebPage\",\"@id\":\"https:\/\/monaco.lt\/pasikrauk\/apmokejimas\/#webpage\",\"url\":\"https:\/\/monaco.lt\/pasikrauk\/apmokejimas\/\",\"name\":\"Apmok\u0117jimas - Alex Monaco KNYGA\",\"isPartOf\":{\"@id\":\"https:\/\/monaco.lt\/pasikrauk\/#website\"},\"datePublished\":\"2018-08-10T09:06:08+00:00\",\"dateModified\":\"2022-12-14T12:17:01+00:00\",\"description\":\"\u012ekrautos mintys - pirkti online! Tavo laim\u0117 negali laukti \u0161e\u0161tadienio!\",\"breadcrumb\":{\"@id\":\"https:\/\/monaco.lt\/pasikrauk\/apmokejimas\/#breadcrumb\"},\"inLanguage\":\"lt-LT\",\"potentialAction\":[{\"@type\":\"ReadAction\",\"target\":[\"https:\/\/monaco.lt\/pasikrauk\/apmokejimas\/\"]}]},{\"@type\":\"BreadcrumbList\",\"@id\":\"https:\/\/monaco.lt\/pasikrauk\/apmokejimas\/#breadcrumb\",\"itemListElement\":[{\"@type\":\"ListItem\",\"position\":1,\"name\":\"Home\",\"item\":\"https:\/\/monaco.lt\/pasikrauk\/\"},{\"@type\":\"ListItem\",\"position\":2,\"name\":\"Apmok\u0117jimas\"}]}]}<\/script>\n<!-- \/ Yoast SEO plugin. -->","yoast_head_json":{"title":"Apmok\u0117jimas - Alex Monaco KNYGA","description":"\u012ekrautos mintys - pirkti online! Tavo laim\u0117 negali laukti \u0161e\u0161tadienio!","robots":{"index":"index","follow":"follow","max-snippet":"max-snippet:-1","max-image-preview":"max-image-preview:large","max-video-preview":"max-video-preview:-1"},"canonical":"https:\/\/monaco.lt\/pasikrauk\/apmokejimas\/","og_locale":"lt_LT","og_type":"article","og_title":"Apmok\u0117jimas - Alex Monaco KNYGA","og_description":"\u012ekrautos mintys - pirkti online! Tavo laim\u0117 negali laukti \u0161e\u0161tadienio!","og_url":"https:\/\/monaco.lt\/pasikrauk\/apmokejimas\/","og_site_name":"Alex Monaco KNYGA","article_modified_time":"2022-12-14T12:17:01+00:00","twitter_card":"summary_large_image","twitter_misc":{"Est. reading time":"1 minut\u0117"},"schema":{"@context":"https:\/\/schema.org","@graph":[{"@type":"WebSite","@id":"https:\/\/monaco.lt\/pasikrauk\/#website","url":"https:\/\/monaco.lt\/pasikrauk\/","name":"Alex Monaco KNYGA","description":"Alex Monaco knyga","potentialAction":[{"@type":"SearchAction","target":{"@type":"EntryPoint","urlTemplate":"https:\/\/monaco.lt\/pasikrauk\/?s={search_term_string}"},"query-input":"required name=search_term_string"}],"inLanguage":"lt-LT"},{"@type":"WebPage","@id":"https:\/\/monaco.lt\/pasikrauk\/apmokejimas\/#webpage","url":"https:\/\/monaco.lt\/pasikrauk\/apmokejimas\/","name":"Apmok\u0117jimas - Alex Monaco KNYGA","isPartOf":{"@id":"https:\/\/monaco.lt\/pasikrauk\/#website"},"datePublished":"2018-08-10T09:06:08+00:00","dateModified":"2022-12-14T12:17:01+00:00","description":"\u012ekrautos mintys - pirkti online! Tavo laim\u0117 negali laukti \u0161e\u0161tadienio!","breadcrumb":{"@id":"https:\/\/monaco.lt\/pasikrauk\/apmokejimas\/#breadcrumb"},"inLanguage":"lt-LT","potentialAction":[{"@type":"ReadAction","target":["https:\/\/monaco.lt\/pasikrauk\/apmokejimas\/"]}]},{"@type":"BreadcrumbList","@id":"https:\/\/monaco.lt\/pasikrauk\/apmokejimas\/#breadcrumb","itemListElement":[{"@type":"ListItem","position":1,"name":"Home","item":"https:\/\/monaco.lt\/pasikrauk\/"},{"@type":"ListItem","position":2,"name":"Apmok\u0117jimas"}]}]}},"_links":{"self":[{"href":"https:\/\/monaco.lt\/pasikrauk\/wp-json\/wp\/v2\/pages\/16"}],"collection":[{"href":"https:\/\/monaco.lt\/pasikrauk\/wp-json\/wp\/v2\/pages"}],"about":[{"href":"https:\/\/monaco.lt\/pasikrauk\/wp-json\/wp\/v2\/types\/page"}],"author":[{"embeddable":true,"href":"https:\/\/monaco.lt\/pasikrauk\/wp-json\/wp\/v2\/users\/2"}],"replies":[{"embeddable":true,"href":"https:\/\/monaco.lt\/pasikrauk\/wp-json\/wp\/v2\/comments?post=16"}],"version-history":[{"count":48,"href":"https:\/\/monaco.lt\/pasikrauk\/wp-json\/wp\/v2\/pages\/16\/revisions"}],"predecessor-version":[{"id":2654,"href":"https:\/\/monaco.lt\/pasikrauk\/wp-json\/wp\/v2\/pages\/16\/revisions\/2654"}],"wp:attachment":[{"href":"https:\/\/monaco.lt\/pasikrauk\/wp-json\/wp\/v2\/media?parent=16"}],"curies":[{"name":"wp","href":"https:\/\/api.w.org\/{rel}","templated":true}]}}