{"id":15,"date":"2018-08-10T12:06:08","date_gmt":"2018-08-10T09:06:08","guid":{"rendered":"https:\/\/monaco.lt\/pasikrauk\/krepselis\/"},"modified":"2018-08-10T12:06:08","modified_gmt":"2018-08-10T09:06:08","slug":"krepselis","status":"publish","type":"page","link":"https:\/\/monaco.lt\/pasikrauk\/krepselis\/","title":{"rendered":"Krep\u0161elis"},"content":{"rendered":"<div class=\"woocommerce\"><p class=\"cart-empty\">Krep\u0161elis dar tu\u0161\u010dias.<\/p>\t<p class=\"return-to-shop\">\n\t\t<a class=\"button wc-backward\" href=\"https:\/\/monaco.lt\/pasikrauk\/knygos\/\">\n\t\t\tGr\u012f\u017eti \u012f parduotuv\u0119\t\t<\/a>\n\t<\/p>\n<\/div>\n","protected":false},"excerpt":{"rendered":"","protected":false},"author":2,"featured_media":0,"parent":0,"menu_order":0,"comment_status":"closed","ping_status":"closed","template":"","meta":[],"yoast_head":"<!-- This site is optimized with the Yoast SEO plugin v19.0 - https:\/\/yoast.com\/wordpress\/plugins\/seo\/ -->\n<title>Krep\u0161elis - Alex Monaco KNYGA<\/title>\n<meta name=\"robots\" content=\"index, follow, max-snippet:-1, max-image-preview:large, max-video-preview:-1\" \/>\n<link rel=\"canonical\" href=\"https:\/\/monaco.lt\/pasikrauk\/krepselis\/\" \/>\n<meta property=\"og:locale\" content=\"lt_LT\" \/>\n<meta property=\"og:type\" content=\"article\" \/>\n<meta property=\"og:title\" content=\"Krep\u0161elis - Alex Monaco KNYGA\" \/>\n<meta property=\"og:url\" content=\"https:\/\/monaco.lt\/pasikrauk\/krepselis\/\" \/>\n<meta property=\"og:site_name\" content=\"Alex Monaco KNYGA\" \/>\n<meta name=\"twitter:card\" content=\"summary_large_image\" \/>\n<script type=\"application\/ld+json\" class=\"yoast-schema-graph\">{\"@context\":\"https:\/\/schema.org\",\"@graph\":[{\"@type\":\"WebSite\",\"@id\":\"https:\/\/monaco.lt\/pasikrauk\/#website\",\"url\":\"https:\/\/monaco.lt\/pasikrauk\/\",\"name\":\"Alex Monaco KNYGA\",\"description\":\"Alex Monaco knyga\",\"potentialAction\":[{\"@type\":\"SearchAction\",\"target\":{\"@type\":\"EntryPoint\",\"urlTemplate\":\"https:\/\/monaco.lt\/pasikrauk\/?s={search_term_string}\"},\"query-input\":\"required name=search_term_string\"}],\"inLanguage\":\"lt-LT\"},{\"@type\":\"WebPage\",\"@id\":\"https:\/\/monaco.lt\/pasikrauk\/krepselis\/#webpage\",\"url\":\"https:\/\/monaco.lt\/pasikrauk\/krepselis\/\",\"name\":\"Krep\u0161elis - Alex Monaco KNYGA\",\"isPartOf\":{\"@id\":\"https:\/\/monaco.lt\/pasikrauk\/#website\"},\"datePublished\":\"2018-08-10T09:06:08+00:00\",\"dateModified\":\"2018-08-10T09:06:08+00:00\",\"breadcrumb\":{\"@id\":\"https:\/\/monaco.lt\/pasikrauk\/krepselis\/#breadcrumb\"},\"inLanguage\":\"lt-LT\",\"potentialAction\":[{\"@type\":\"ReadAction\",\"target\":[\"https:\/\/monaco.lt\/pasikrauk\/krepselis\/\"]}]},{\"@type\":\"BreadcrumbList\",\"@id\":\"https:\/\/monaco.lt\/pasikrauk\/krepselis\/#breadcrumb\",\"itemListElement\":[{\"@type\":\"ListItem\",\"position\":1,\"name\":\"Home\",\"item\":\"https:\/\/monaco.lt\/pasikrauk\/\"},{\"@type\":\"ListItem\",\"position\":2,\"name\":\"Krep\u0161elis\"}]}]}<\/script>\n<!-- \/ Yoast SEO plugin. -->","yoast_head_json":{"title":"Krep\u0161elis - Alex Monaco KNYGA","robots":{"index":"index","follow":"follow","max-snippet":"max-snippet:-1","max-image-preview":"max-image-preview:large","max-video-preview":"max-video-preview:-1"},"canonical":"https:\/\/monaco.lt\/pasikrauk\/krepselis\/","og_locale":"lt_LT","og_type":"article","og_title":"Krep\u0161elis - Alex Monaco KNYGA","og_url":"https:\/\/monaco.lt\/pasikrauk\/krepselis\/","og_site_name":"Alex Monaco KNYGA","twitter_card":"summary_large_image","schema":{"@context":"https:\/\/schema.org","@graph":[{"@type":"WebSite","@id":"https:\/\/monaco.lt\/pasikrauk\/#website","url":"https:\/\/monaco.lt\/pasikrauk\/","name":"Alex Monaco KNYGA","description":"Alex Monaco knyga","potentialAction":[{"@type":"SearchAction","target":{"@type":"EntryPoint","urlTemplate":"https:\/\/monaco.lt\/pasikrauk\/?s={search_term_string}"},"query-input":"required name=search_term_string"}],"inLanguage":"lt-LT"},{"@type":"WebPage","@id":"https:\/\/monaco.lt\/pasikrauk\/krepselis\/#webpage","url":"https:\/\/monaco.lt\/pasikrauk\/krepselis\/","name":"Krep\u0161elis - Alex Monaco KNYGA","isPartOf":{"@id":"https:\/\/monaco.lt\/pasikrauk\/#website"},"datePublished":"2018-08-10T09:06:08+00:00","dateModified":"2018-08-10T09:06:08+00:00","breadcrumb":{"@id":"https:\/\/monaco.lt\/pasikrauk\/krepselis\/#breadcrumb"},"inLanguage":"lt-LT","potentialAction":[{"@type":"ReadAction","target":["https:\/\/monaco.lt\/pasikrauk\/krepselis\/"]}]},{"@type":"BreadcrumbList","@id":"https:\/\/monaco.lt\/pasikrauk\/krepselis\/#breadcrumb","itemListElement":[{"@type":"ListItem","position":1,"name":"Home","item":"https:\/\/monaco.lt\/pasikrauk\/"},{"@type":"ListItem","position":2,"name":"Krep\u0161elis"}]}]}},"_links":{"self":[{"href":"https:\/\/monaco.lt\/pasikrauk\/wp-json\/wp\/v2\/pages\/15"}],"collection":[{"href":"https:\/\/monaco.lt\/pasikrauk\/wp-json\/wp\/v2\/pages"}],"about":[{"href":"https:\/\/monaco.lt\/pasikrauk\/wp-json\/wp\/v2\/types\/page"}],"author":[{"embeddable":true,"href":"https:\/\/monaco.lt\/pasikrauk\/wp-json\/wp\/v2\/users\/2"}],"replies":[{"embeddable":true,"href":"https:\/\/monaco.lt\/pasikrauk\/wp-json\/wp\/v2\/comments?post=15"}],"version-history":[{"count":0,"href":"https:\/\/monaco.lt\/pasikrauk\/wp-json\/wp\/v2\/pages\/15\/revisions"}],"wp:attachment":[{"href":"https:\/\/monaco.lt\/pasikrauk\/wp-json\/wp\/v2\/media?parent=15"}],"curies":[{"name":"wp","href":"https:\/\/api.w.org\/{rel}","templated":true}]}}