{"id":12,"date":"2018-08-10T12:00:46","date_gmt":"2018-08-10T09:00:46","guid":{"rendered":"https:\/\/monaco.lt\/pasikrauk\/?page_id=12"},"modified":"2022-07-11T10:13:11","modified_gmt":"2022-07-11T07:13:11","slug":"pagrindinis","status":"publish","type":"page","link":"https:\/\/monaco.lt\/pasikrauk\/","title":{"rendered":"Alex Monaco knyga \u012ekrautos mintys"},"content":{"rendered":"<p><a href=\"http:\/\/facebook.com\/alexmonaco.lt\" target=\"_blank\" rel=\"noopener\"><\/a><a href=\"http:\/\/facebook.com\/alexmonaco.lt\" target=\"_blank\" rel=\"noopener\"><\/a><a href=\"http:\/\/facebook.com\/alexmonaco.lt\" target=\"_blank\" rel=\"noopener\"><\/a><a href=\"https:\/\/www.instagram.com\/alexmonaconet\/\" target=\"_blank\" rel=\"noopener\"><\/a><a href=\"https:\/\/www.tiktok.com\/@alexmonacolt\" target=\"_blank\" rel=\"noopener\"><\/a><\/p>\n<p style=\"text-align: center;\">Nepramiegok laim\u0117s!<\/p>\n<p style=\"text-align: center;\">U\u017esisakyk knyg\u0105!<\/p>\n<p><span><a href=\"https:\/\/monaco.lt\/pasikrauk\/?add-to-cart=250\"><img alt=\"\" data-id=\"1697\" width=\"261\" data-init-width=\"333\" height=\"403\" data-init-height=\"514\" title=\"\" loading=\"lazy\" src=\"https:\/\/monaco.lt\/pasikrauk\/wp-content\/uploads\/2022\/06\/Ikrautos-mintys-knyga.png\" data-width=\"261\" data-height=\"403\" style=\"\" data-link-wrap=\"true\"><\/a><\/span><\/p>\n<p style=\"text-align: center;\">\u012esikrauk laisv\u0117s, pasitik\u0117jimo, narsos, laim\u0117s, pozityvumo!<\/p>\n<p><span><img alt=\"\" data-id=\"1300\" width=\"159\" data-init-width=\"159\" height=\"37\" data-init-height=\"37\" title=\"hearts\" loading=\"lazy\" src=\"https:\/\/monaco.lt\/pasikrauk\/wp-content\/uploads\/2022\/02\/hearts.png\" data-width=\"159\" data-height=\"37\"><\/span><span><img alt=\"\" data-id=\"1334\" width=\"595\" data-init-width=\"453\" height=\"226\" data-init-height=\"172\" title=\"three\" loading=\"lazy\" src=\"https:\/\/monaco.lt\/pasikrauk\/wp-content\/uploads\/2022\/02\/three-1.png\" data-width=\"595\" data-height=\"226\" style=\"\"><\/span><\/p>\n<p style=\"text-align: center;\">Kart\u0105, \u017emogus, kuriuo trok\u0161ti <span style=\"color: rgb(38, 73, 149);\">apkabin\u0119s <\/span>tave i\u0161tars: \u201eDIEVINU tave.\u201c Nes ne tavo santykiams skirtas nuvalkiotas \u017eodis \u201emyliu\u201c.<\/p>\n<p style=\"text-align: center;\"><strong>&#8211; Alex Monaco<\/strong><\/p>\n<h2 style=\"text-align: center;\">Knyg\u0105 rekomenduoja:<\/h2>\n<p><img src=\"https:\/\/monaco.lt\/pasikrauk\/wp-content\/uploads\/2022\/03\/anonymous.jpg\" alt=\"profile-pic\"><\/p>\n<h4><\/h4>\n<p>Knyga \u201e\u012ekrautos mintys\u201d dar ra\u0161oma! V\u0117liau \u010dia rasite atsiliepimus!<\/p>\n<p><span>\u2013 \u010cia gali buti tavo vardas.<\/span><span><\/span><img src=\"https:\/\/monaco.lt\/pasikrauk\/wp-content\/uploads\/2022\/03\/anonymous.jpg\" alt=\"profile-pic\"><\/p>\n<h4><\/h4>\n<p>Knyga \u201e\u012ekrautos mintys\u201d dar ra\u0161oma! V\u0117liau \u010dia rasite atsiliepimus!<\/p>\n<p><span>\u2013 \u010cia gali buti tavo vardas.<\/span><span><\/span><img src=\"https:\/\/monaco.lt\/pasikrauk\/wp-content\/uploads\/2022\/03\/anonymous.jpg\" alt=\"profile-pic\"><\/p>\n<h4><\/h4>\n<p>Knyga \u201e\u012ekrautos mintys\u201d dar ra\u0161oma! V\u0117liau \u010dia rasite atsiliepimus!<\/p>\n<p><span>\u2013 \u010cia gali buti tavo vardas.<\/span><span><\/span><span><\/span><span><\/span><\/p>\n<h2 style=\"text-align: center;\">Kitos Alex Monaco knygos<\/h2>\n<p><span style=\"width: 100%;\"><a href=\"https:\/\/audioteka.com\/lt\/audiobook\/laimingi-sunsnukiai#bestseleris\" target=\"_blank\" rel=\"noopener\"><img loading=\"lazy\" alt=\"Alex Monaco &quot;Laimingi \u0161unsnukiai&quot;\" width=\"300\" height=\"445\" title=\"Alex Monaco &quot;Laimingi \u0161unsnukiai&quot;\" data-id=\"196\" src=\"\/\/monaco.lt\/pakrautos-mintys\/wp-content\/uploads\/2018\/08\/alex-monaco-laimingi-sunsnukiai.jpg\" style=\"\" data-link-wrap=\"1\" data-width=\"300\" data-height=\"445\" data-init-width=\"348\" data-init-height=\"516\"><\/a><\/span><\/p>\n<p style=\"text-align: center;\"><strong>Laimingi \u0161unsnukiai<\/strong>2016<\/p>\n<p><span style=\"width: 100%;\"><img loading=\"lazy\" alt=\"Alex Monaco &quot;Sielos drabu\u017eiai&quot;\" width=\"300\" height=\"445\" title=\"Alex Monaco &quot;Sielos drabu\u017eiai&quot;\" data-id=\"197\" src=\"\/\/monaco.lt\/pakrautos-mintys\/wp-content\/uploads\/2018\/08\/alex-monaco-sielos-drabuziai.jpg\" style=\"\" data-link-wrap=\"1\" data-width=\"300\" data-height=\"445\" data-init-width=\"348\" data-init-height=\"516\"><\/span><\/p>\n<p style=\"text-align: center;\"><strong>Sielos drabu\u017eiai<\/strong>2018<\/p>\n<p><span style=\"width: 100%;\"><a href=\"https:\/\/www.knyguklubas.lt\/laimingi-sunsnukiai-revansas\" target=\"_blank\" rel=\"noopener\"><img alt=\"Alex Monaco &quot;Laimingi \u0161unsnukiai: revan\u0161as&quot;\" width=\"303\" height=\"445\" title=\"Alex Monaco &quot;Laimingi \u0161unsnukiai: revan\u0161as&quot;\" data-id=\"1381\" src=\"https:\/\/monaco.lt\/pasikrauk\/wp-content\/uploads\/2022\/03\/laimingi_sunsnukiai_revansas.jpg\" style=\"\" data-link-wrap=\"1\" data-width=\"303\" data-height=\"445\" data-init-width=\"571\" data-init-height=\"839\" loading=\"lazy\" ml-d=\"-2.375\" mt-d=\"0\"><\/a><\/span><\/p>\n<p style=\"text-align: center;\"><strong>Laimingi \u0161unsnukiai: revan\u0161as<\/strong>2019<\/p>\n<p><a href=\"http:\/\/facebook.com\/alexmonaco.lt\" target=\"_blank\" rel=\"noopener\"><\/a><a href=\"http:\/\/facebook.com\/alexmonaco.lt\" target=\"_blank\" rel=\"noopener\"><\/a><a href=\"http:\/\/facebook.com\/alexmonaco.lt\" target=\"_blank\" rel=\"noopener\"><\/a><a href=\"https:\/\/www.instagram.com\/alexmonaconet\/\" target=\"_blank\" rel=\"noopener\"><\/a><a href=\"https:\/\/www.tiktok.com\/@alexmonacolt\" target=\"_blank\" rel=\"noopener\"><\/a><\/p>\n<p style=\"text-align: right;\">Sukurta<\/p>\n<p><span style=\"width: 100%;\"><a href=\"http:\/\/adf.lt\/\" target=\"_blank\" rel=\"noopener\"><img alt=\"\" width=\"39\" height=\"25\" title=\"A_footer\" data-id=\"346\" src=\"https:\/\/monaco.lt\/pasikrauk\/wp-content\/uploads\/2018\/09\/A_footer.png\" style=\"\" data-width=\"39\" data-height=\"25\" data-init-width=\"50\" data-init-height=\"32\" loading=\"lazy\"><\/a><\/span><\/p>\n<p style=\"text-align: left;\">BigTarget&nbsp;<\/p>\n","protected":false},"excerpt":{"rendered":"<p>Nepramiegok laim\u0117s! U\u017esisakyk knyg\u0105! \u012esikrauk laisv\u0117s, pasitik\u0117jimo, narsos, laim\u0117s, pozityvumo! Kart\u0105, \u017emogus, kuriuo trok\u0161ti apkabin\u0119s tave i\u0161tars: \u201eDIEVINU tave.\u201c Nes ne tavo santykiams skirtas nuvalkiotas \u017eodis \u201emyliu\u201c. &#8211; Alex Monaco Knyg\u0105 rekomenduoja: Knyga \u201e\u012ekrautos mintys\u201d dar ra\u0161oma! V\u0117liau \u010dia rasite atsiliepimus! \u2013 \u010cia gali buti tavo vardas. Knyga \u201e\u012ekrautos mintys\u201d dar ra\u0161oma! V\u0117liau \u010dia rasite &hellip; <\/p>\n<p class=\"link-more\"><a href=\"https:\/\/monaco.lt\/pasikrauk\/\" class=\"more-link\">Toliau skaityti<span class=\"screen-reader-text\"> \u201eAlex Monaco knyga \u012ekrautos mintys\u201c<\/span><\/a><\/p>\n","protected":false},"author":2,"featured_media":0,"parent":0,"menu_order":0,"comment_status":"closed","ping_status":"closed","template":"","meta":[],"yoast_head":"<!-- This site is optimized with the Yoast SEO plugin v19.0 - https:\/\/yoast.com\/wordpress\/plugins\/seo\/ -->\n<title>\u012ekrautos mintys - pirkti online! Tavo laim\u0117 negali laukti \u0161e\u0161tadienio!<\/title>\n<meta name=\"description\" content=\"Knyga \u012ekrautos mintys - pirkti online! Tavo laim\u0117 negali laukti \u0161e\u0161tadienio!\" \/>\n<meta name=\"robots\" content=\"index, follow, max-snippet:-1, max-image-preview:large, max-video-preview:-1\" \/>\n<link rel=\"canonical\" href=\"https:\/\/monaco.lt\/pasikrauk\/\" \/>\n<meta property=\"og:locale\" content=\"lt_LT\" \/>\n<meta property=\"og:type\" content=\"article\" \/>\n<meta property=\"og:title\" content=\"\u012ekrautos mintys - pirkti online! Tavo laim\u0117 negali laukti \u0161e\u0161tadienio!\" \/>\n<meta property=\"og:description\" content=\"\u012ekrautos mintys - pirkti online! Tavo laim\u0117 negali laukti \u0161e\u0161tadienio!\" \/>\n<meta property=\"og:url\" content=\"https:\/\/monaco.lt\/pasikrauk\/\" \/>\n<meta property=\"og:site_name\" content=\"Alex Monaco KNYGA\" \/>\n<meta property=\"article:modified_time\" content=\"2022-07-11T07:13:11+00:00\" \/>\n<meta property=\"og:image\" content=\"https:\/\/monaco.lt\/pasikrauk\/wp-content\/uploads\/2022\/06\/Ikrautos-mintys-knyga.png\" \/>\n\t<meta property=\"og:image:width\" content=\"333\" \/>\n\t<meta property=\"og:image:height\" content=\"514\" \/>\n\t<meta property=\"og:image:type\" content=\"image\/png\" \/>\n<meta name=\"twitter:card\" content=\"summary_large_image\" \/>\n<meta name=\"twitter:label1\" content=\"Est. reading time\" \/>\n\t<meta name=\"twitter:data1\" content=\"3 minut\u0117s\" \/>\n<script type=\"application\/ld+json\" class=\"yoast-schema-graph\">{\"@context\":\"https:\/\/schema.org\",\"@graph\":[{\"@type\":\"WebSite\",\"@id\":\"https:\/\/monaco.lt\/pasikrauk\/#website\",\"url\":\"https:\/\/monaco.lt\/pasikrauk\/\",\"name\":\"Alex Monaco KNYGA\",\"description\":\"Alex Monaco knyga\",\"potentialAction\":[{\"@type\":\"SearchAction\",\"target\":{\"@type\":\"EntryPoint\",\"urlTemplate\":\"https:\/\/monaco.lt\/pasikrauk\/?s={search_term_string}\"},\"query-input\":\"required name=search_term_string\"}],\"inLanguage\":\"lt-LT\"},{\"@type\":\"ImageObject\",\"inLanguage\":\"lt-LT\",\"@id\":\"https:\/\/monaco.lt\/pasikrauk\/#primaryimage\",\"url\":\"https:\/\/monaco.lt\/pasikrauk\/wp-content\/uploads\/2022\/06\/Ikrautos-mintys-knyga.png\",\"contentUrl\":\"https:\/\/monaco.lt\/pasikrauk\/wp-content\/uploads\/2022\/06\/Ikrautos-mintys-knyga.png\",\"width\":333,\"height\":514,\"caption\":\"Knyga \u012ekrautos mintys - pirkti online!\"},{\"@type\":\"WebPage\",\"@id\":\"https:\/\/monaco.lt\/pasikrauk\/#webpage\",\"url\":\"https:\/\/monaco.lt\/pasikrauk\/\",\"name\":\"\u012ekrautos mintys - pirkti online! Tavo laim\u0117 negali laukti \u0161e\u0161tadienio!\",\"isPartOf\":{\"@id\":\"https:\/\/monaco.lt\/pasikrauk\/#website\"},\"primaryImageOfPage\":{\"@id\":\"https:\/\/monaco.lt\/pasikrauk\/#primaryimage\"},\"datePublished\":\"2018-08-10T09:00:46+00:00\",\"dateModified\":\"2022-07-11T07:13:11+00:00\",\"description\":\"Knyga \u012ekrautos mintys - pirkti online! Tavo laim\u0117 negali laukti \u0161e\u0161tadienio!\",\"breadcrumb\":{\"@id\":\"https:\/\/monaco.lt\/pasikrauk\/#breadcrumb\"},\"inLanguage\":\"lt-LT\",\"potentialAction\":[{\"@type\":\"ReadAction\",\"target\":[\"https:\/\/monaco.lt\/pasikrauk\/\"]}]},{\"@type\":\"BreadcrumbList\",\"@id\":\"https:\/\/monaco.lt\/pasikrauk\/#breadcrumb\",\"itemListElement\":[{\"@type\":\"ListItem\",\"position\":1,\"name\":\"Home\",\"item\":\"https:\/\/monaco.lt\/pasikrauk\/\"},{\"@type\":\"ListItem\",\"position\":2,\"name\":\"Alex Monaco knyga \u012ekrautos mintys\"}]}]}<\/script>\n<!-- \/ Yoast SEO plugin. -->","yoast_head_json":{"title":"\u012ekrautos mintys - pirkti online! Tavo laim\u0117 negali laukti \u0161e\u0161tadienio!","description":"Knyga \u012ekrautos mintys - pirkti online! Tavo laim\u0117 negali laukti \u0161e\u0161tadienio!","robots":{"index":"index","follow":"follow","max-snippet":"max-snippet:-1","max-image-preview":"max-image-preview:large","max-video-preview":"max-video-preview:-1"},"canonical":"https:\/\/monaco.lt\/pasikrauk\/","og_locale":"lt_LT","og_type":"article","og_title":"\u012ekrautos mintys - pirkti online! Tavo laim\u0117 negali laukti \u0161e\u0161tadienio!","og_description":"\u012ekrautos mintys - pirkti online! Tavo laim\u0117 negali laukti \u0161e\u0161tadienio!","og_url":"https:\/\/monaco.lt\/pasikrauk\/","og_site_name":"Alex Monaco KNYGA","article_modified_time":"2022-07-11T07:13:11+00:00","og_image":[{"width":333,"height":514,"url":"https:\/\/monaco.lt\/pasikrauk\/wp-content\/uploads\/2022\/06\/Ikrautos-mintys-knyga.png","type":"image\/png"}],"twitter_card":"summary_large_image","twitter_misc":{"Est. reading time":"3 minut\u0117s"},"schema":{"@context":"https:\/\/schema.org","@graph":[{"@type":"WebSite","@id":"https:\/\/monaco.lt\/pasikrauk\/#website","url":"https:\/\/monaco.lt\/pasikrauk\/","name":"Alex Monaco KNYGA","description":"Alex Monaco knyga","potentialAction":[{"@type":"SearchAction","target":{"@type":"EntryPoint","urlTemplate":"https:\/\/monaco.lt\/pasikrauk\/?s={search_term_string}"},"query-input":"required name=search_term_string"}],"inLanguage":"lt-LT"},{"@type":"ImageObject","inLanguage":"lt-LT","@id":"https:\/\/monaco.lt\/pasikrauk\/#primaryimage","url":"https:\/\/monaco.lt\/pasikrauk\/wp-content\/uploads\/2022\/06\/Ikrautos-mintys-knyga.png","contentUrl":"https:\/\/monaco.lt\/pasikrauk\/wp-content\/uploads\/2022\/06\/Ikrautos-mintys-knyga.png","width":333,"height":514,"caption":"Knyga \u012ekrautos mintys - pirkti online!"},{"@type":"WebPage","@id":"https:\/\/monaco.lt\/pasikrauk\/#webpage","url":"https:\/\/monaco.lt\/pasikrauk\/","name":"\u012ekrautos mintys - pirkti online! Tavo laim\u0117 negali laukti \u0161e\u0161tadienio!","isPartOf":{"@id":"https:\/\/monaco.lt\/pasikrauk\/#website"},"primaryImageOfPage":{"@id":"https:\/\/monaco.lt\/pasikrauk\/#primaryimage"},"datePublished":"2018-08-10T09:00:46+00:00","dateModified":"2022-07-11T07:13:11+00:00","description":"Knyga \u012ekrautos mintys - pirkti online! Tavo laim\u0117 negali laukti \u0161e\u0161tadienio!","breadcrumb":{"@id":"https:\/\/monaco.lt\/pasikrauk\/#breadcrumb"},"inLanguage":"lt-LT","potentialAction":[{"@type":"ReadAction","target":["https:\/\/monaco.lt\/pasikrauk\/"]}]},{"@type":"BreadcrumbList","@id":"https:\/\/monaco.lt\/pasikrauk\/#breadcrumb","itemListElement":[{"@type":"ListItem","position":1,"name":"Home","item":"https:\/\/monaco.lt\/pasikrauk\/"},{"@type":"ListItem","position":2,"name":"Alex Monaco knyga \u012ekrautos mintys"}]}]}},"_links":{"self":[{"href":"https:\/\/monaco.lt\/pasikrauk\/wp-json\/wp\/v2\/pages\/12"}],"collection":[{"href":"https:\/\/monaco.lt\/pasikrauk\/wp-json\/wp\/v2\/pages"}],"about":[{"href":"https:\/\/monaco.lt\/pasikrauk\/wp-json\/wp\/v2\/types\/page"}],"author":[{"embeddable":true,"href":"https:\/\/monaco.lt\/pasikrauk\/wp-json\/wp\/v2\/users\/2"}],"replies":[{"embeddable":true,"href":"https:\/\/monaco.lt\/pasikrauk\/wp-json\/wp\/v2\/comments?post=12"}],"version-history":[{"count":289,"href":"https:\/\/monaco.lt\/pasikrauk\/wp-json\/wp\/v2\/pages\/12\/revisions"}],"predecessor-version":[{"id":2181,"href":"https:\/\/monaco.lt\/pasikrauk\/wp-json\/wp\/v2\/pages\/12\/revisions\/2181"}],"wp:attachment":[{"href":"https:\/\/monaco.lt\/pasikrauk\/wp-json\/wp\/v2\/media?parent=12"}],"curies":[{"name":"wp","href":"https:\/\/api.w.org\/{rel}","templated":true}]}}