{"id":824,"date":"2024-06-12T13:47:31","date_gmt":"2024-06-12T15:47:31","guid":{"rendered":"https:\/\/monaco.lt\/parduotuve\/?post_type=product&#038;p=824"},"modified":"2026-04-07T07:10:20","modified_gmt":"2026-04-07T09:10:20","slug":"organiska-rinkodara","status":"publish","type":"product","link":"https:\/\/monaco.lt\/parduotuve\/produktas\/organiska-rinkodara\/","title":{"rendered":"Organi\u0161ka Rinkodara (Popierin\u0117 knyga)"},"content":{"rendered":"<p><strong>\u201eOrgani\u0161kos rinkodaros\u201c t\u0117vas Alex Monaco pristato bestseler\u012f apie gudri\u0105 reklam\u0105!<\/strong><\/p>\n<p>Knyga skaitosi lengviau u\u017e bet kuri\u0105 knyg\u0105, kuri\u0105 gali surasti knygyne. Tai ka\u017ekas naujo, nuostabaus ir nuo\u0161irdaus.<\/p>\n<p><span style=\"font-weight: 400;\"><a href=\"https:\/\/emojipedia.org\/check-mark\">\u2714\ufe0f<\/a> Su\u017einok 8 pagrindinius nemokamos reklamos principus! Padidink \u017einomum\u0105 ir pardavimus.<br \/>\n<\/span><a href=\"https:\/\/emojipedia.org\/check-mark\"><span style=\"font-weight: 400;\">\u2714\ufe0f<\/span><\/a><span style=\"font-weight: 400;\"> Sukurk nesibaigian\u010dius klient\u0173 <\/span><span style=\"font-weight: 400;\">\u0161altinius, kurie veikt\u0173 <\/span><i><span style=\"font-weight: 400;\">non-stop <\/span><\/i><span style=\"font-weight: 400;\">\u2013 <\/span><span style=\"font-weight: 400;\">nemokant NIEKO u\u017e reklamas!<\/span><br \/>\n<a href=\"https:\/\/emojipedia.org\/check-mark\"><span style=\"font-weight: 400;\">\u2714\ufe0f<\/span><\/a><span style=\"font-weight: 400;\"> Padidink pardavimus kuo nat\u016bralesniais b\u016bdais, be bandym\u0173 \u012fgr\u016bsti.<\/span><br \/>\n<a href=\"https:\/\/emojipedia.org\/check-mark\"><span style=\"font-weight: 400;\">\u2714\ufe0f<\/span><\/a><span style=\"font-weight: 400;\"> Diversifikuok klient\u0173 srautus! Ir u\u017etikrink nuolatines pajamas!<\/span><span style=\"font-weight: 400;\"><br \/>\n<\/span><\/p>\n<div id=\"attachment_983\" style=\"width: 1510px\" class=\"wp-caption alignnone\"><img aria-describedby=\"caption-attachment-983\" decoding=\"async\" loading=\"lazy\" class=\"wp-image-983 size-full\" src=\"https:\/\/monaco.lt\/parduotuve\/wp-content\/uploads\/2024\/03\/organiskas-marektinga-knyga-maza.jpg\" alt=\"organiskas-marektingas-knyga\" width=\"1500\" height=\"2000\" srcset=\"https:\/\/monaco.lt\/parduotuve\/wp-content\/uploads\/2024\/03\/organiskas-marektinga-knyga-maza.jpg 1500w, https:\/\/monaco.lt\/parduotuve\/wp-content\/uploads\/2024\/03\/organiskas-marektinga-knyga-maza-225x300.jpg 225w, https:\/\/monaco.lt\/parduotuve\/wp-content\/uploads\/2024\/03\/organiskas-marektinga-knyga-maza-768x1024.jpg 768w, https:\/\/monaco.lt\/parduotuve\/wp-content\/uploads\/2024\/03\/organiskas-marektinga-knyga-maza-1152x1536.jpg 1152w, https:\/\/monaco.lt\/parduotuve\/wp-content\/uploads\/2024\/03\/organiskas-marektinga-knyga-maza-400x533.jpg 400w, https:\/\/monaco.lt\/parduotuve\/wp-content\/uploads\/2024\/03\/organiskas-marektinga-knyga-maza-600x800.jpg 600w\" sizes=\"(max-width: 1500px) 100vw, 1500px\" \/><p id=\"caption-attachment-983\" class=\"wp-caption-text\"><span style=\"font-weight: 400;\">Prisimink: <\/span><i style=\"font-size: 16px;\">(&#8230;) stabiliausi dalykai yra tie, kurie susiformavo nat\u016braliai \u2013 organi\u0161kai! <\/i><i style=\"font-size: 16px;\">Organi\u0161ka meil\u0117&#8230; <\/i><i style=\"font-size: 16px;\">organi\u0161ka reklama! <\/i><i style=\"font-size: 16px;\">Organi\u0161ka s\u0117km\u0117!<\/i><\/p><\/div>\n<h2><strong>Apie Alex monaco<\/strong><\/h2>\n<p><span style=\"font-weight: 400;\">Alex Monaco dirba el. rinkodaros srityje daugiau nei 20 met\u0173. Prie\u0161 dvide\u0161imt met\u0173 jis suk\u016br\u0117 pirm\u0105j\u012f versl\u0105, kur\u012f s\u0117kmingai pardav\u0117. \u0160iuo metu Alex Monaco yra \u201e<a href=\"https:\/\/bigfountainagency.com\/\">Big Fountain Agency<\/a>\u201c savininkas. \u201eBig Fountain Agency\u201c si\u016blo organi\u0161kos rinkodaros paslaugas.<\/span><span style=\"font-weight: 400;\"><br \/>\n<\/span><span style=\"font-weight: 400;\"><br \/>\n<\/span><span style=\"font-weight: 400;\">Alex Monaco yra nr. 1 organi\u0161kos rinkodaros ekspertas, kuris savo darbais \u012frod\u0117, kad jo \u017einios veikia. Jis surinko vir\u0161 150 000 sek\u0117j\u0173 Lietuvoje (100 000 Facebook platformoje). <\/span><span style=\"font-weight: 400;\"><br \/>\n<\/span><span style=\"font-weight: 400;\"><br \/>\n<\/span><span style=\"font-weight: 400;\">Jo bestseleris \u201eLaimingi \u0161unsnukiai\u201c laik\u0117si pirmoje pozicijoje daugiau nei metus ir buvo parduota daugiau nei 20 000 kopij\u0173 vos per kelis metus.<br \/>\n<\/span><\/p>\n<h2><strong>Gaila&#8230;<\/strong><\/h2>\n<p>Man gaila&#8230;<\/p>\n<p>Labai gaila&#8230;<\/p>\n<p>Jeigu j\u016bs vis dar ne\u017einote 8 SVARBIAUSI\u0172 ORGANI\u0160KOS RINKODAROS D\u0116SNI\u0172&#8230;<\/p>\n<p>Jeigu vis dar norite mok\u0117ti Zuckerbergui ir kitiems&#8230; Supraskite, kiekvienas centas \ud83d\udcb8, sumok\u0117tas reklamos pardav\u0117jams, keliauja korporacijoms (Zukel**rgo ir kitoms), kurios skverbiasi \u012f Lietuvos kult\u016br\u0105 ir nuodija jaunimo bei m\u016bs\u0173 vaik\u0173 vertybes. Tod\u0117l KARTOJU: nemok\u0117k u\u017e reklamas!<\/p>\n<p>Geriau kurk savo autonominius klient\u0173 \u0161altinius, kurie veikia be rinkodaros specialist\u0173 prie\u017ei\u016bros! Velniop standartinius reklamos specialistus! Elkis kaip Elonas Muskas. Elonas niekada nemok\u0117jo u\u017e reklamas, ta\u010diau tapo turtingiausiu \u017emogumi pasaulyje. Tu irgi gali nemok\u0117ti u\u017e reklamas. Visi\u0161kai nieko. Nulis cent\u0173.<\/p>\n<p>Ta\u010diau tu gali padidinti savo \u012fmon\u0117s \u017einomum\u0105 taip, kaip tai padar\u0117 ne vienas lietuvis, naudoj\u0119s organin\u0119 rinkodar\u0105. Tau tereikia i\u0161mokti bazini\u0173 ties\u0173 apie gudri\u0105 rinkodar\u0105 i\u0161 mano knygos <strong>\u201eOrgani\u0161ka rinkodara\u201c.<\/strong><\/p>\n<p>\u0160i knyga \u2013 geriausia, kas gal\u0117jo nutikti Lietuvai. Ji i\u0161laisvins tave!<\/p>\n<p>Nors knyg\u0105 jau gali rasti \u201ePegasas\u201c, \u201eKnygos.lt\u201c ir \u201eVaga\u201c parduotuv\u0117se, u\u017esisakyk \u010dia! Tiesiog u\u017esisakyk knyg\u0105, ir mes j\u0105 i\u0161si\u0173sime tau per nakt\u012f!<\/p>\n<p>Knygos keliauja ne tik po Lietuv\u0105, bet ir \u012f Anglij\u0105, Amerik\u0105, Lenkij\u0105 ir kitas \u0161alis&#8230;<\/p>\n<p><strong>Alex Monaco jau i\u0161laisvino daugiau nei 100 prot\u0173, kurie tik\u0117jo, jog be mokamos reklamos ne\u012fmanoma pasiekti \u017einomumo ir pardavim\u0173&#8230;<\/strong><\/p>\n<p>P.s. prisijunk prie organizacijos NEMOK\u0116K U\u017d REKLAMAS \u010cia: <a href=\"http:\/\/www.monaco.lt\/organizacija\">www.monaco.lt\/organizacija<\/a><\/p>\n<p>Atsiliepimai:<\/p>\n<div id=\"attachment_1233\" style=\"width: 90px\" class=\"wp-caption alignnone\"><img aria-describedby=\"caption-attachment-1233\" decoding=\"async\" loading=\"lazy\" class=\"size-full wp-image-1233\" src=\"https:\/\/monaco.lt\/parduotuve\/wp-content\/uploads\/2024\/06\/400968916_7691686954178238_1193450151148886561_n.png\" alt=\"Atsiliepimas\" width=\"80\" height=\"75\" \/><p id=\"caption-attachment-1233\" class=\"wp-caption-text\"><a href=\"https:\/\/www.facebook.com\/photo.php?fbid=24708589762061358&amp;set=pb.100000110301493.-2207520000&amp;type=3\">Milda RaZ <\/a><\/p><\/div>\n<p><em>Internete ie\u0161kojau k\u016br\u0117j\u0173 ir u\u017ema\u010diau keistuol\u012f <span class=\"html-span xdj266r x11i5rnm xat24cr x1mh8g0r xexx8yu x4uap5 x18d9i69 xkhd6sd x1hl2dhg x16tdsg8 x1vvkbs\"><a class=\"x1i10hfl xjbqb8w x1ejq31n xd10rxx x1sy0etr x17r0tee x972fbf xcfux6l x1qhh985 xm0m39n x9f619 x1ypdohk xt0psk2 xe8uvvx xdj266r x11i5rnm xat24cr x1mh8g0r xexx8yu x4uap5 x18d9i69 xkhd6sd x16tdsg8 x1hl2dhg xggy1nq x1a2a7pz xkrqix3 x1sur9pj x1fey0fg x1s688f\" tabindex=\"0\" role=\"link\" href=\"https:\/\/www.facebook.com\/AlexMonaco.lt?__cft__[0]=AZUeLXgNaPqnFashOUg6oZ8AR75BSm93_qsD6ONAcAKJontTcwvYhx_yjmOmEp9kwXFbVQ9XQ2UUdxLnnA3yXY8suIeUakAoFMHGuilEPaWj7zHdEB_C2_avTVUbvlmBqS4TG4oP6eukcvuiYm7jVUAeLxOfdPlzSQD1Kjg2KV-cGg&amp;__tn__=-]K-R\"><span class=\"xt0psk2\"><span class=\"xjp7ctv\">Alex Monaco.lt<\/span><\/span><\/a><\/span> , kurio knygos pavadinimas mane u\u017ekabino. Ne\u017einojau, ko tik\u0117tis, bet nebenor\u0117jau b\u016bti eilinis brukalas socialiniuose tinkluose, o &#8220;Organi\u0161ka rinkodara&#8221; skamb\u0117jo naujai, tod\u0117l jo knyg\u0105 perskai\u010diau per valand\u0105. Radau kitok\u012f po\u017ei\u016br\u012f \u012f rinkodar\u0105 \u2013 tok\u012f, kuris artimas man. Ne apie tai, kaip garsiai r\u0117kti, o kaip kalb\u0117ti nuo\u0161ird\u017eiai. Kaip b\u016bti \u017emogumi, o ne tik \u201eprek\u0117s \u017eenklu\u201c. Tai pakeit\u0117 ne tik mano po\u017ei\u016br\u012f \u012f komunikacij\u0105, bet ir suteik\u0117 daugiau pasitik\u0117jimo savimi. I\u0161\u0161\u016bkis baig\u0117si, bet \u012fg\u016bd\u017eiai liko. Dabar dr\u0105siau kalbu apie tai, k\u0105 veikiu. Geriau suprantu savo auditorij\u0105. \u017dinau, kur galiu tobul\u0117ti. Per \u0161ias dienas gim\u0117 ir nauj\u0173 id\u0117j\u0173 \u2013 kai kurios j\u0173 netrukus virs realybe. Taip pat noriu nuo\u0161ird\u017eiai atsipra\u0161yti t\u0173, kuri\u0173 nepakalbinau. \u017dmoni\u0173, kuriems gal\u0117jau pasi\u016blyti savo prekes ar paslaugas, bet tiesiog nedr\u012fsau. Kartais atrod\u0117, kad \u201etrukdau\u201c, kad tai ne laikas. Ta\u010diau dabar \u017einau \u2013 tai buvo baim\u0117, ne realyb\u0117.<\/em><\/p>\n<p>&nbsp;<\/p>\n<div class=\"x11i5rnm xat24cr x1mh8g0r x1vvkbs xtlvy1s x126k92a\">\n<div dir=\"auto\"><\/div>\n<\/div>\n","protected":false},"excerpt":{"rendered":"<p>Kristus ir Elonas Muskas NEMOK\u0116JO u\u017e reklamas, bet apie juos \u017eino VISI. Tod\u0117l, kad jie\u00a0 naudojosi nat\u016bralia \u2013 organi\u0161ka \u2013 rinkodara.\u00a0 Naudokis ir TU! <i>Reklamuokis organi\u0161kai ir \u017emon\u0117s pamils tavo \u012fmon\u0119, pirks da\u017eniau ir daugiau!<\/i><br \/>\n<b><br \/>\nTie, kas u\u017esisakys \u0160IANDIEN, gaus <\/b><b>autograf\u0105 ir&#8230;<\/b><span style=\"font-weight: 400;\"><b><br \/>\n<\/b><br \/>\n<img decoding=\"async\" loading=\"lazy\" class=\"alignnone wp-image-834 size-medium\" src=\"https:\/\/monaco.lt\/parduotuve\/wp-content\/uploads\/2024\/03\/Moketi-uz-reklama-organiska-rinkodara-300x121.png\" alt=\"Organine rinkodara\" width=\"300\" height=\"121\" srcset=\"https:\/\/monaco.lt\/parduotuve\/wp-content\/uploads\/2024\/03\/Moketi-uz-reklama-organiska-rinkodara-300x121.png 300w, https:\/\/monaco.lt\/parduotuve\/wp-content\/uploads\/2024\/03\/Moketi-uz-reklama-organiska-rinkodara.png 372w\" sizes=\"(max-width: 300px) 100vw, 300px\" \/><br \/>\n\u0160i knyga yra <strong>pra\u017eutingas ANTAUSIS mokamai reklamai!<\/strong><\/span><\/p>\n<p><strong>I\u0161mok: <\/strong><span style=\"font-weight: 400;\"><br \/>\n<\/span><span style=\"font-weight: 400;\"><strong>1.<\/strong> <\/span><span style=\"font-weight: 400;\">Naudotis nemokama reklama \u2013 <a href=\"https:\/\/monaco.lt\/straipsniai\/organiska-rinkodara-soc-marketingas\/\">organi\u0161ka rinkodara<\/a>!<\/span><span style=\"font-weight: 400;\"><br \/>\n<\/span><span style=\"font-weight: 400;\"><strong>2.<\/strong> Reklamuoti savo versl\u0105 neprijungiant savo mok\u0117jim\u0173 kortel\u0117s prie joki\u0173 reklamas si\u016blan\u010di\u0173 platform\u0173.<br \/>\n<\/span><span style=\"font-weight: 400;\"><strong>3.<\/strong> <strong>Kurti nuolatinius klient\u0173 srautus, kurie priklausys tik tau.<\/strong><br \/>\n<strong>4.<\/strong><\/span><span style=\"font-weight: 400;\"><strong>\u00a0<\/strong>Kurti super gerus pasi\u016blymus, kuri\u0173 klientai negali atsisakyti.<br \/>\n<strong>5.<\/strong> Automatizuoti reklamos procesus.<\/span><\/p>\n<h2><strong>Su\u017einok:<\/strong><\/h2>\n<p><span style=\"font-weight: 400;\"><strong>1.<\/strong> Kod\u0117l turtingi \u017emon\u0117s, kaip Elonas Muskas, nemoka u\u017e reklamas ir kod\u0117l tu irgi netur\u0117tum\u2026<\/span><span style=\"font-weight: 400;\"><br \/>\n<strong>2. <\/strong><\/span><span style=\"font-weight: 400;\">Kaip diversifikuoti klient\u0173 srautus.<br \/>\n<\/span><span style=\"font-weight: 400;\"><strong>3.<\/strong> Kas yra O.R. ir kaip panaudoti 16 O.R. \u012franki\u0173.<br \/>\n<\/span><span style=\"font-weight: 400;\"><strong>4.<\/strong> Kaip parduoti daugiau nenaudojant \u0161iuolaiki\u0161k\u0173 portal\u0173, kurie si\u016blo pirkti reklam\u0105!).<br \/>\n<\/span><span style=\"font-weight: 400;\"><strong>5.<\/strong> Kaip panaudoti 8 <a href=\"https:\/\/monaco.lt\/knyga-organiska-rinkodara\/\">organi\u0161kos reklamos<\/a> principus.<br \/>\n<strong>6. <\/strong>Kaip sukurti nesibaigiant\u012f klient\u0173 \u0161altin\u012f, kuris atne\u0161 pajam\u0173, net jeigu nustosi mok\u0117ti u\u017e reklamas.<br \/>\n<strong>7.<\/strong> Kod\u0117l turtuoliai m\u0117gsta fontanus.<\/span><\/p>\n<p><span style=\"font-weight: 400;\"><a href=\"https:\/\/monaco.lt\/kas-yra-organiska-rinkodara\/\">Organi\u0161ka rinkodara<\/a> yra moderniausias b\u016bdas reklamuoti savo paslaugas ir produktus bei save kaip \u017emog\u0173!\u00a0<\/span><\/p>\n<p><strong>Knyga jau para\u0161yta ir atspausdinta!<\/strong><\/p>\n<p><span style=\"font-weight: 400;\">U\u017esisakyk &#8211; su\u017einok gudrios \/ nemokamos rinkodaros paslaptys, arba kaip verslams sukurti autonominius klient\u0173 \u0161altinius, kurie veikt\u0173 <\/span><i><span style=\"font-weight: 400;\">non-stop<\/span><\/i><span style=\"font-weight: 400;\">!<\/span><\/p>\n<p>Jeigu negaunate KNYGOS, PARA\u0160YKITE alex@monaco.lt!<\/p>\n","protected":false},"featured_media":995,"comment_status":"open","ping_status":"closed","template":"","meta":[],"product_cat":[15],"product_tag":[23,24,22],"_links":{"self":[{"href":"https:\/\/monaco.lt\/parduotuve\/wp-json\/wp\/v2\/product\/824"}],"collection":[{"href":"https:\/\/monaco.lt\/parduotuve\/wp-json\/wp\/v2\/product"}],"about":[{"href":"https:\/\/monaco.lt\/parduotuve\/wp-json\/wp\/v2\/types\/product"}],"replies":[{"embeddable":true,"href":"https:\/\/monaco.lt\/parduotuve\/wp-json\/wp\/v2\/comments?post=824"}],"wp:featuredmedia":[{"embeddable":true,"href":"https:\/\/monaco.lt\/parduotuve\/wp-json\/wp\/v2\/media\/995"}],"wp:attachment":[{"href":"https:\/\/monaco.lt\/parduotuve\/wp-json\/wp\/v2\/media?parent=824"}],"wp:term":[{"taxonomy":"product_cat","embeddable":true,"href":"https:\/\/monaco.lt\/parduotuve\/wp-json\/wp\/v2\/product_cat?post=824"},{"taxonomy":"product_tag","embeddable":true,"href":"https:\/\/monaco.lt\/parduotuve\/wp-json\/wp\/v2\/product_tag?post=824"}],"curies":[{"name":"wp","href":"https:\/\/api.w.org\/{rel}","templated":true}]}}