{"id":765,"date":"2023-09-20T06:38:53","date_gmt":"2023-09-20T08:38:53","guid":{"rendered":"https:\/\/monaco.lt\/parduotuve\/?post_type=product&#038;p=765"},"modified":"2026-04-22T19:01:15","modified_gmt":"2026-04-22T21:01:15","slug":"tapk-sekmingas-soc-tinkluose-knyga","status":"publish","type":"product","link":"https:\/\/monaco.lt\/parduotuve\/produktas\/tapk-sekmingas-soc-tinkluose-knyga\/","title":{"rendered":"Tapk s\u0117kmingas facebooke be dideli\u0173 i\u0161laid\u0173!"},"content":{"rendered":"<p><b>ATSILIEPIMAI APIE KNYG\u0104<\/b><\/p>\n<p><i>\u201eSeniai reik\u0117jo knygos, kur i\u0161mintis apie socialinius tinklus b\u016bt\u0173 pateikta taip ai\u0161kiai, suprantamai ir motyvuotai.\u201c<\/i><br \/>\nTomas Bagdonavi\u010dius, investuotojas, knygos \u201eTavo nekilnojamojo turto imperija\u201c autorius<\/p>\n<p><i>\u201eAlex turi vir\u0161 100 000 sek\u0117j\u0173 ir tai visk\u0105 pasako.\u201c<\/i><br \/>\nMartynas \u0160aikus, did\u017eiausios Lietuvoje konferencijos \u201eMoters vizija\u201c \u012fk\u016br\u0117jas<\/p>\n<p><i>\u201eDaug dirbu rinkodaros srityje, tod\u0117l labai rekomenduoju \u0161i\u0105 knyg\u0105 d\u0117l \u012f\u017evalg\u0173 apie pagrindinius socialini\u0173 tinkl\u0173 vartotoj\u0173 norus ir \u0161i\u0173 platform\u0173 mechanik\u0105. Alex pateiktos strategijos ir patarimai pad\u0117s padidinti sek\u0117j\u0173 skai\u010di\u0173 ir pardavimus.\u201c<\/i><br \/>\nRimantas Petrauskas, knygos \u201eNei\u0161vengiama s\u0117km\u0117\u201c autorius<\/p>\n<p><i>\u201eAlex yra laimingas \u0161unsnukis. Jis \u017eino, kaip surinkti did\u017eiules auditorijas nemokant u\u017e reklam\u0105. Si\u016blau i\u0161 jo pasimokyti.\u201c<\/i><br \/>\nGediminas Juodeika, prodiuseris<\/p>\n<p><i>\u201eDr\u012fstu teigti, kad \u0161i knyga bus socialinio marketingo Biblija ateinan\u010dioms kartoms.\u201c<\/i><br \/>\nAr\u016bnas Noreika, ARNO Digital (JK) direktorius<\/p>\n<p><i>\u201ePrad\u017eioje atsargiai \u017ei\u016br\u0117jau \u012f tai, kad para\u0161yta DAR VIENA knyga apie socialinius tinklus, bet knygoje gausu reali\u0173 pastarim\u0173, kuriuos I\u0160KART galima panaudoti, vystant savo versl\u0105 ar asmenin\u012f brand\u0105. Skaitant n\u0117ra kada nuobod\u017eiauti, nes Alex vis intriguoja skaitytoj\u0105, u\u017esimindamas, kas laukia toliau. Savo knygoje Alex pateikia daugyb\u0119 patarim\u0173 su \u0161imtais pavyzd\u017ei\u0173, kuriuos TU realiai, i\u0161 karto, jau dabar gali naudoti savo soc. medijos kanale, labai paprastai pritaikant savo turinio k\u016brimui. Tiesa pasakius, t\u0173 id\u0117j\u0173 yra tiek, kad bet kuris \u017emogus, norintis i\u0161pl\u0117sti savo soc. medijos turin\u012f, gal\u0117t\u0173 naudotis \u0161iais patarimais kelis metus ir nepritr\u016bkti id\u0117j\u0173.<br \/>\nTik prad\u0117jusi skaityti \u0161\u012f socialini\u0173 tinkl\u0173 vadov\u0117l\u012f, pasijutau lyg teatre, kuriame a\u0161 esu vienintel\u0117 \u017ei\u016brov\u0117, o Alex \u2013 i\u0161skirtin\u012f ir asmeni\u0161kai man skirt\u0105 monospektal\u012f vaidinantis aktorius. Pasijutau dialoge su ra\u0161ytoju, kuris nuolat atsiklausia mano nuomon\u0117s ir nuskaitydamas mintis, pateikia atsakymus. O tie atsakymai ne tik \u017eaismingai pateikti, bet yra ir i\u0161 ties\u0173 naudingi. Jau i\u0161 karto nor\u0117jau: pirma, tai prad\u0117t kurti ir dalintis savo turiniu socialiniuose tinkluose, ir antra, mane i\u0161kart \u012ftikino, kad tai daryti ne tik verta, bet ir b\u016btina.<br \/>\nAlex, tai kur visgi kepa t\u0105 skaniausi\u0105 obuoli\u0173 pyrag\u0105 pasaulyje?\u201c<\/i><br \/>\nKristina Birgel\u0117, bald\u0173 salono \u201cMano sofa\u201d \u012fk\u016br\u0117ja, edukacini\u0173 ir kult\u016brini\u0173 rengini\u0173 organizator\u0117.<\/p>\n<p><img decoding=\"async\" loading=\"lazy\" class=\"alignnone wp-image-1092 size-full\" src=\"https:\/\/monaco.lt\/parduotuve\/wp-content\/uploads\/2023\/09\/sekmingas-soc-tinklose-ir-facebooke-knyga.png\" alt=\"sekmingas soc tinklose ir facebooke knyga\" width=\"483\" height=\"827\" srcset=\"https:\/\/monaco.lt\/parduotuve\/wp-content\/uploads\/2023\/09\/sekmingas-soc-tinklose-ir-facebooke-knyga.png 483w, https:\/\/monaco.lt\/parduotuve\/wp-content\/uploads\/2023\/09\/sekmingas-soc-tinklose-ir-facebooke-knyga-175x300.png 175w, https:\/\/monaco.lt\/parduotuve\/wp-content\/uploads\/2023\/09\/sekmingas-soc-tinklose-ir-facebooke-knyga-400x685.png 400w\" sizes=\"(max-width: 483px) 100vw, 483px\" \/><\/p>\n","protected":false},"excerpt":{"rendered":"<p>Pristatome geriausi\u0105 Lietuvi\u0161ka knyg\u0105 apie Facebook rinkodar\u0105. \u0160i <b>Alex Monaco\u00a0<\/b>knyga \u201eTapk s\u0117kmingas socialiniuose tinkluose. Be dideli\u0173 i\u0161laid\u0173\u201c pad\u0117s tau:<\/p>\n<p><strong>a)<\/strong> u\u017ekariauti vartotoj\u0173 d\u0117mes\u012f, nesvarbu, ar tu darai video, ar ra\u0161ai tekstus, ar skelbi nuotraukas<\/p>\n<p><strong>b)<\/strong> padvigubinti arba patrigubinti I\u0160TIKIM\u0172 sek\u0117j\u0173 gretas,<\/p>\n<p><strong>c)<\/strong> sukurti ai\u0161ki\u0105 soc. tinkl\u0173 strategij\u0105 \u2013 padidinti pardavimus Facebooke, Instagrame, TikToke ir kituose socialiniuose tinkluose.<\/p>\n<p>Knygoje\u00a0<strong>\u201eTapk s\u0117kmingas socialiniuose tinkluose. Be dideli\u0173 i\u0161laid\u0173\u201c<\/strong> su\u017einosi: Kaip vaik\u0161\u010dioti kiaurai Facebook sienas! (Atsidurk kit\u0173 \u017emoni\u0173 Facebook sienose NEMOKAMAI!) Kaip surinkti pirmus 1000 I\u0160TIKIM\u0172 sek\u0117j\u0173. STEP BY STEP sistema! (Dosnumo rinkodaros paslaptys.)<\/p>\n<p>Su\u017einosi, kaip surinkau vir\u0161 100 000 sek\u0117j\u0173 Facebook, TikTok ir Instagram platformose!<\/p>\n","protected":false},"featured_media":767,"comment_status":"open","ping_status":"closed","template":"","meta":[],"product_cat":[15],"product_tag":[],"_links":{"self":[{"href":"https:\/\/monaco.lt\/parduotuve\/wp-json\/wp\/v2\/product\/765"}],"collection":[{"href":"https:\/\/monaco.lt\/parduotuve\/wp-json\/wp\/v2\/product"}],"about":[{"href":"https:\/\/monaco.lt\/parduotuve\/wp-json\/wp\/v2\/types\/product"}],"replies":[{"embeddable":true,"href":"https:\/\/monaco.lt\/parduotuve\/wp-json\/wp\/v2\/comments?post=765"}],"wp:featuredmedia":[{"embeddable":true,"href":"https:\/\/monaco.lt\/parduotuve\/wp-json\/wp\/v2\/media\/767"}],"wp:attachment":[{"href":"https:\/\/monaco.lt\/parduotuve\/wp-json\/wp\/v2\/media?parent=765"}],"wp:term":[{"taxonomy":"product_cat","embeddable":true,"href":"https:\/\/monaco.lt\/parduotuve\/wp-json\/wp\/v2\/product_cat?post=765"},{"taxonomy":"product_tag","embeddable":true,"href":"https:\/\/monaco.lt\/parduotuve\/wp-json\/wp\/v2\/product_tag?post=765"}],"curies":[{"name":"wp","href":"https:\/\/api.w.org\/{rel}","templated":true}]}}