{"id":707,"date":"2023-07-07T07:49:34","date_gmt":"2023-07-07T09:49:34","guid":{"rendered":"https:\/\/monaco.lt\/parduotuve\/?post_type=product&#038;p=707"},"modified":"2024-08-21T20:13:16","modified_gmt":"2024-08-21T22:13:16","slug":"knyga-meile-uzsakovui","status":"publish","type":"product","link":"https:\/\/monaco.lt\/parduotuve\/produktas\/knyga-meile-uzsakovui\/","title":{"rendered":"PASKUTIN\u0116 GALIMYB\u0116: knyga \u201eMeil\u0117 u\u017esakovui\u201c"},"content":{"rendered":"<p><iframe loading=\"lazy\" title=\"Knyga Meil\u0117 u\u017esakovui, sp\u0105stai auksiniam dizaineriui\" width=\"720\" height=\"405\" src=\"https:\/\/www.youtube.com\/embed\/n1umMmVROLE?feature=oembed\" frameborder=\"0\" allow=\"accelerometer; autoplay; clipboard-write; encrypted-media; gyroscope; picture-in-picture; web-share\" allowfullscreen><\/iframe><\/p>\n<p><span style=\"font-weight: 400;\">\u0160ios knygos skaitytojas \u012fveiks \u0161e\u0161ias pakopas. I\u0161 prad\u017ei\u0173 su\u017einos apie s\u0117kmingus dizaino u\u017esakovus, sugeban\u010dius i\u0161pe\u0161ti naudos i\u0161 projekto, o ne tik tur\u0117ti patenkinam\u0105 \u012fvaizd\u012f. Tuomet i\u0161siai\u0161kins kiek daugiau apie dizain\u0105: ar reikia, kad jis b\u016bt\u0173 gra\u017eus, ir kokie prioritetai lemia jo bendrov\u0117s klient\u0173 palankum\u0105.<\/span><\/p>\n<p><span style=\"font-weight: 400;\">Tre\u010diasis \u017eingsnis yra susij\u0119s su dizainerio savyb\u0117mis. Gal\u0117si nuspr\u0119sti, ar verta dirbti su velniu (aroganti\u0161ku profesionaliu dizaineriu), ar su angelu (takti\u0161ku ir kult\u016bringu dizaineriu). Imsi greitai atpa\u017einti, ar dizaineris i\u0161 ties\u0173 yra savo srities profesionalas, o galb\u016bt tok\u012f tik vaidina?<\/span><\/p>\n<p><span style=\"font-weight: 400;\">V\u0117liau ra\u0161oma apie dizaineri\u0173 kuriam\u0105 prid\u0117tin\u0119 vert\u0119. Nors specialistai nepra\u0161o u\u017e j\u0105 mok\u0117ti, bet tai nesumenkina jos vert\u0117s. Penktoji pakopa yra apie projekto valdym\u0105 arba dizainerio ir u\u017esakovo \u201evestuves\u201c. Galiausiai, nuspr\u0119sime, ar parengtas dizaino projektas tau tinka ir kaip i\u0161 netinkamo projekto i\u0161pe\u0161ti naudos.<\/span><\/p>\n","protected":false},"excerpt":{"rendered":"<p><span style=\"font-weight: 400;\">\u0160ias knygas suradome sand\u0117lyje netik\u0117tai. Tai kolekcin\u0117 knyga i\u0161leista prie\u0161 10 met\u0173 ir liko vos 17 vienet\u0173. <\/span><\/p>\n<p><span style=\"font-weight: 400;\">\u0160i knyga skirta tiems, kurie nori sukurti arba jau turi interneto svetain\u0119, ta\u010diau nori pagerinti j\u0105, <strong>kad padidint\u0173 pardavimus.<\/strong><\/span><\/p>\n<p><span style=\"font-weight: 400;\">Su\u017einok, kaip pasitelkus tinklalapio, firminio stiliaus, grafikos dizainer\u012f u\u017ekariauti savo klient\u0173 \u2013 pirk\u0117j\u0173 \u0161irdis. Kaip ne tik pasirinkti tinkam\u0105 dizainer\u012f, bet i\u0161 ties\u0173 gauti naudos \u2013 \u012fsimintin\u0105 ir pardavim\u0105 didinant\u012f \u012fvaizd\u012f. Koks tur\u0117t\u0173 b\u016bti dizainas, kaip jis veikia tavo klientus? \u012e \u0161iuos ir dar daugiau klausim\u0173 atsako knyga <strong>\u201e<\/strong><\/span><strong>Meil\u0117 u\u017esakovui<\/strong><span style=\"font-weight: 400;\"><strong>\u201c<\/strong>, analizuojanti santykius tarp dizainerio ir u\u017esakovo.<\/span><\/p>\n","protected":false},"featured_media":709,"comment_status":"open","ping_status":"closed","template":"","meta":[],"product_cat":[15],"product_tag":[],"_links":{"self":[{"href":"https:\/\/monaco.lt\/parduotuve\/wp-json\/wp\/v2\/product\/707"}],"collection":[{"href":"https:\/\/monaco.lt\/parduotuve\/wp-json\/wp\/v2\/product"}],"about":[{"href":"https:\/\/monaco.lt\/parduotuve\/wp-json\/wp\/v2\/types\/product"}],"replies":[{"embeddable":true,"href":"https:\/\/monaco.lt\/parduotuve\/wp-json\/wp\/v2\/comments?post=707"}],"wp:featuredmedia":[{"embeddable":true,"href":"https:\/\/monaco.lt\/parduotuve\/wp-json\/wp\/v2\/media\/709"}],"wp:attachment":[{"href":"https:\/\/monaco.lt\/parduotuve\/wp-json\/wp\/v2\/media?parent=707"}],"wp:term":[{"taxonomy":"product_cat","embeddable":true,"href":"https:\/\/monaco.lt\/parduotuve\/wp-json\/wp\/v2\/product_cat?post=707"},{"taxonomy":"product_tag","embeddable":true,"href":"https:\/\/monaco.lt\/parduotuve\/wp-json\/wp\/v2\/product_tag?post=707"}],"curies":[{"name":"wp","href":"https:\/\/api.w.org\/{rel}","templated":true}]}}