{"id":641,"date":"2023-07-07T09:14:19","date_gmt":"2023-07-07T11:14:19","guid":{"rendered":"https:\/\/monaco.lt\/parduotuve\/?post_type=product&#038;p=641"},"modified":"2024-04-19T07:10:24","modified_gmt":"2024-04-19T09:10:24","slug":"konsultacija","status":"publish","type":"product","link":"https:\/\/monaco.lt\/parduotuve\/produktas\/konsultacija\/","title":{"rendered":"Asmenin\u0117 konsultacija su A. Monaco d\u0117l organi\u0161kos reklamos ir TAVO SVETAIN\u0116S"},"content":{"rendered":"<p><strong><b>Kaip vyks konsultacija? <\/b><b><br \/>\n<\/b><b><br \/>\n<\/b><\/strong>1. Kai u\u017esisakysite konsultacij\u0105, el. pa\u0161tu gausite patvirtinim\u0105.<br \/>\n2. Per 24 valandas po apmok\u0117jimo su jumis susisieks komandos nariai ir suderins dat\u0105, kada ir kaip susitiksite su Alex Monaco.<\/p>\n<p>Jeigu negausite el. lai\u0161ko per 24 valandas, para\u0161ykite alex@monaco.lt arba skambinkite numeriu +370 699 60022.<\/p>\n<p>U\u017esakymo metu b\u016btinai palikite savo tel. numer\u012f ir el. pa\u0161t\u0105, kad gal\u0117tume su jumis susisiekti!<\/p>\n<p>100% garantija!<b><\/b><\/p>\n<p><span style=\"font-weight: 400;\"><em>\u201eKartais, kad patrigubintum\u0117te rezultatus, u\u017etenka vienos konsultacijos!\u201c &#8211; <\/em>Alex Monaco<\/span><\/p>\n","protected":false},"excerpt":{"rendered":"<p>Konsultacija skirta pradedantiems, smulkiems ir vidutinio dyd\u017eio verslams, kurie nori padvigubinti \/ patrigubinti peln\u0105.<\/p>\n<p><em>\u201eKartais, kad patrigubintum\u0117te rezultatus, u\u017etenka vienos konsultacijos!\u201c &#8211; <\/em>Alex Monaco<br \/>\n<span style=\"font-weight: 400;\"><br \/>\n<\/span><b>Konsultacijos metu: <\/b><span style=\"font-weight: 400;\"><br \/>\n<\/span><span style=\"font-weight: 400;\">1\ufe0f\u20e3<\/span><span style=\"font-weight: 400;\"> Alex Monaco su savo komanda skirs laiko tavo www puslapiui bei patars d\u0117l organi\u0161kos rinkodaros!\u00a0<\/span><span style=\"font-weight: 400;\"><br \/>\n<\/span><span style=\"font-weight: 400;\">2\ufe0f\u20e3<\/span><span style=\"font-weight: 400;\"> Su\u017einosi, kas asmeni\u0161kai tau trukdo sukurti nuolatin\u012f pirk\u0117j\u0173 sraut\u0105. Prie\u017eastis ir sprendimo b\u016bdai.\u00a0<\/span><span style=\"font-weight: 400;\"><br \/>\n<\/span><span style=\"font-weight: 400;\">3\ufe0f\u20e3<\/span><span style=\"font-weight: 400;\"> Su\u017einosi, k\u0105 tiksliai reikia daryti, kad \u201eGoogle\u201c PAMILT\u0172<\/span><a href=\"https:\/\/emojipedia.org\/red-heart\/\"><span style=\"font-weight: 400;\">\u2764\ufe0f<\/span><\/a><span style=\"font-weight: 400;\"> tavo www svetain\u0119 (kuri\u0105 jau turi arba sukursi ateityje) \u2013 tu b\u016bsi pirmame puslapyje \u201eGoogle\u201c paie\u0161kos sistemoje! <\/span><span style=\"font-weight: 400;\"><br \/>\n<\/span><span style=\"font-weight: 400;\">4\ufe0f\u20e3<\/span><span style=\"font-weight: 400;\"> Gausi informacij\u0105, kuri pad\u0117s tau suprasti, kod\u0117l tavo konkurentai yra auk\u0161\u010diau tav\u0119s \u201eGoogle\u201c paie\u0161kos rezultatuose!!! Su\u017einosi, k\u0105 daryti, kad pasiektum daugiau u\u017e juos!<br \/>\n<\/span><span style=\"font-weight: 400;\">5\ufe0f\u20e3<\/span><span style=\"font-weight: 400;\"> Su\u017einosi labai ai\u0161kius \u017eingsnius, k\u0105 tur\u0117tum daryti, kad \u017eenkliai padidintum pardavimus naudojant <strong>organin\u0119 rinkodar\u0105.<\/strong><br \/>\n<\/span><span style=\"font-weight: 400;\">6\ufe0f\u20e3<\/span><span style=\"font-weight: 400;\"> I\u0161siai\u0161kinsi, k\u0105 daryti, jeigu dar neturi www svetain\u0117s arba el. parduotuv\u0117s, ta\u010diau planuoji. Gausi kontaktus, kur gamintis puslapius, su garantija ir\u2026 <\/span><span style=\"font-weight: 400;\"><br \/>\n<\/span><span style=\"font-weight: 400;\">7\ufe0f\u20e3<\/span><span style=\"font-weight: 400;\"> Po konsultacijos gausi visus reikalingus kontaktus, kad atliktum veiksmus, kurie u\u017etikrina s\u0117km\u0119. <\/span><span style=\"font-weight: 400;\"><br \/>\n<\/span><span style=\"font-weight: 400;\"><br \/>\n<\/span><span style=\"font-weight: 400;\">Po pokalbio su Alex Monaco tu \u017einosi, k\u0105 daryti metams \u012f priek\u012f. Viskas bus ai\u0161ku ir tu pagaliau gal\u0117si \u012fkv\u0117pti ramyb\u0117s ir ai\u0161kumo!<\/span><span style=\"font-weight: 400;\"><br \/>\n<\/span><span style=\"font-weight: 400;\"><br \/>\n<\/span><span style=\"font-weight: 400;\">Alex Monaco dirba el. rinkodaros srityje daugiau nei 20 met\u0173. Jis padeda Amerikos ir Lietuvos kompanijoms atsidurti pirmuose \u201eGoogle\u201c paie\u0161kos puslapiuose, kad jos tur\u0117t\u0173 organin\u012f sraut\u0105 ir nuolat pasikartojan\u010dius pardavimus.<\/span><\/p>\n<p>Konsultacijos trukm\u0117: 60 min. per Whatsapp, Messenger arba gyvai Kaune.<\/p>\n","protected":false},"featured_media":643,"comment_status":"open","ping_status":"closed","template":"","meta":[],"product_cat":[15,18],"product_tag":[],"_links":{"self":[{"href":"https:\/\/monaco.lt\/parduotuve\/wp-json\/wp\/v2\/product\/641"}],"collection":[{"href":"https:\/\/monaco.lt\/parduotuve\/wp-json\/wp\/v2\/product"}],"about":[{"href":"https:\/\/monaco.lt\/parduotuve\/wp-json\/wp\/v2\/types\/product"}],"replies":[{"embeddable":true,"href":"https:\/\/monaco.lt\/parduotuve\/wp-json\/wp\/v2\/comments?post=641"}],"wp:featuredmedia":[{"embeddable":true,"href":"https:\/\/monaco.lt\/parduotuve\/wp-json\/wp\/v2\/media\/643"}],"wp:attachment":[{"href":"https:\/\/monaco.lt\/parduotuve\/wp-json\/wp\/v2\/media?parent=641"}],"wp:term":[{"taxonomy":"product_cat","embeddable":true,"href":"https:\/\/monaco.lt\/parduotuve\/wp-json\/wp\/v2\/product_cat?post=641"},{"taxonomy":"product_tag","embeddable":true,"href":"https:\/\/monaco.lt\/parduotuve\/wp-json\/wp\/v2\/product_tag?post=641"}],"curies":[{"name":"wp","href":"https:\/\/api.w.org\/{rel}","templated":true}]}}