{"id":524,"date":"2023-02-21T12:29:22","date_gmt":"2023-02-21T14:29:22","guid":{"rendered":"https:\/\/monaco.lt\/parduotuve\/?post_type=product&#038;p=524"},"modified":"2023-02-24T10:13:21","modified_gmt":"2023-02-24T12:13:21","slug":"5-knygu-kolekcija","status":"publish","type":"product","link":"https:\/\/monaco.lt\/parduotuve\/produktas\/5-knygu-kolekcija\/","title":{"rendered":"5 knyg\u0173 kolekcija"},"content":{"rendered":"<p>Penki Alex Monaco k\u016briniai viename \u012fsp\u016bdingame rinkinyje!<\/p>\n<p>Tarp \u0161i\u0173 knyg\u0173 rasite ir kolekcinius \u201e\u012ekrautos mintys\u201c + \u201ePasitik\u0117jimo instruktorius\u201c knyg\u0173 egzempliorius.<\/p>\n","protected":false},"excerpt":{"rendered":"<p>Penki Alex Monaco k\u016briniai viename \u012fsp\u016bdingame rinkinyje! Tarp \u0161i\u0173 knyg\u0173 rasite ir kolekcinius \u201e\u012ekrautos mintys\u201c + \u201ePasitik\u0117jimo instruktorius\u201c knyg\u0173 egzempliorius.<\/p>\n","protected":false},"featured_media":526,"comment_status":"open","ping_status":"closed","template":"","meta":[],"product_cat":[15],"product_tag":[],"_links":{"self":[{"href":"https:\/\/monaco.lt\/parduotuve\/wp-json\/wp\/v2\/product\/524"}],"collection":[{"href":"https:\/\/monaco.lt\/parduotuve\/wp-json\/wp\/v2\/product"}],"about":[{"href":"https:\/\/monaco.lt\/parduotuve\/wp-json\/wp\/v2\/types\/product"}],"replies":[{"embeddable":true,"href":"https:\/\/monaco.lt\/parduotuve\/wp-json\/wp\/v2\/comments?post=524"}],"wp:featuredmedia":[{"embeddable":true,"href":"https:\/\/monaco.lt\/parduotuve\/wp-json\/wp\/v2\/media\/526"}],"wp:attachment":[{"href":"https:\/\/monaco.lt\/parduotuve\/wp-json\/wp\/v2\/media?parent=524"}],"wp:term":[{"taxonomy":"product_cat","embeddable":true,"href":"https:\/\/monaco.lt\/parduotuve\/wp-json\/wp\/v2\/product_cat?post=524"},{"taxonomy":"product_tag","embeddable":true,"href":"https:\/\/monaco.lt\/parduotuve\/wp-json\/wp\/v2\/product_tag?post=524"}],"curies":[{"name":"wp","href":"https:\/\/api.w.org\/{rel}","templated":true}]}}