{"id":426,"date":"2023-07-03T12:18:26","date_gmt":"2023-07-03T14:18:26","guid":{"rendered":"https:\/\/monaco.lt\/parduotuve\/?post_type=product&#038;p=426"},"modified":"2025-05-26T13:37:51","modified_gmt":"2025-05-26T15:37:51","slug":"knyga-ikrautos-mintys","status":"publish","type":"product","link":"https:\/\/monaco.lt\/parduotuve\/produktas\/knyga-ikrautos-mintys\/","title":{"rendered":"Knyga \u201e\u012ekrautos mintys\u201c + DOVANA: KNYGA REVAN\u0160AS!"},"content":{"rendered":"<p>\u012esikrauk laisv\u0117s, pasitik\u0117jimo, narsos, laim\u0117s, pozityvumo!<\/p>\n<p>I\u0161trauka i\u0161 knygos: <a href=\"https:\/\/www.facebook.com\/reel\/1410652396008229\">www.facebook.com\/reel\/1410652396008229<\/a><\/p>\n<p>\u0160i knyga yra pozityvumo ir motyvacijos \u0161altinis!<\/p>\n<p>Knygoje tav\u0119s laukia:<\/p>\n<p>\u2714\ufe0fMotyvuojan\u010dios mintys apie meil\u0119 ir tiksl\u0173 siekim\u0105,<br \/>\n\u2714\ufe0fLaisv\u0117,<br \/>\n\u2714\ufe0f\u201eAha&#8221; momentai,<br \/>\n\u2714\ufe0fNepatogi, bet \u012fkvepianti tiesa,<br \/>\n\u2714\ufe0fPasitik\u0117jimas savimi,<br \/>\n\u2714\ufe0fMintys, kurias tu \u017einojai, bet nedr\u012fsai i\u0161tarti.<\/p>\n<p><img decoding=\"async\" loading=\"lazy\" class=\"alignnone wp-image-741 size-full\" src=\"https:\/\/monaco.lt\/parduotuve\/wp-content\/uploads\/2023\/07\/knyga-alex-monaco.jpg\" alt=\"ikrautos mintys\" width=\"500\" height=\"586\" srcset=\"https:\/\/monaco.lt\/parduotuve\/wp-content\/uploads\/2023\/07\/knyga-alex-monaco.jpg 500w, https:\/\/monaco.lt\/parduotuve\/wp-content\/uploads\/2023\/07\/knyga-alex-monaco-256x300.jpg 256w, https:\/\/monaco.lt\/parduotuve\/wp-content\/uploads\/2023\/07\/knyga-alex-monaco-400x469.jpg 400w\" sizes=\"(max-width: 500px) 100vw, 500px\" \/><\/p>\n<p><strong>Alexas Monaco<\/strong>\u00a0\u2013 #1 motyvacini\u0173 bestseleri\u0173 autorius (\u201eLaimingi \u0161unsnukiai&#8221;, \u201eSielos drabu\u017eiai&#8221;, \u201eLaimingi \u0161unsnukiai: revan\u0161as&#8221;), www.monaco.lt ir www.alexmonaco.net tinklara\u0161tininkas, sekamas daugiau nei 100 000 gerb\u0117j\u0173 \u201eFacebook&#8221; ir kitose platformose. Prie\u0161 du de\u0161itme\u010dius Alex Monaco \u012fk\u016br\u0117 rinkodaros agentur\u0105 www.adf.lt, kuri\u0105 2020 s\u0117kmingai pardav\u0117.<\/p>\n<p>Alex Monaco knyga<a href=\"https:\/\/www.knygos.lt\/lt\/knygos\/laimingi-sunsnukiai--revansas--pilnatves-instrukcija--14-zmoniu--kurie-nugalejo-gyvenima\/\">\u00a0\u201eLaimingi \u0161unsnukiai&#8221;<\/a>\u00a0visus metus buvo pirmoje top\u0173 pozicijoje.<\/p>\n<p>Kod\u0117l tau reikia \u0161ios knygos?<\/p>\n<p>Jeigu tu nori daugiau tik\u0117jimo savimi ir ramyb\u0117s, \u0161i knyga yra geriausias pasirinkimas! Skirk jai laiko kasdien (bent po 5 minutes) ir su laiku Tu pajusi savyje daugiau pozityvumo. Pozityvumas padarys tau did\u017eiul\u0119 \u012ftak\u0105. Pozityvumas atsispind\u0117s visur: santykiuose, darbe, versle. Tu \u012fgysi daugiau pasitik\u0117jimo. Tu \u017einosi ko verta siekti, kur eiti ir kaip kalb\u0117ti. Tu nustosi reaguoti \u012f kritik\u0105, kaip seniau. Ir kai ka\u017ekas pareik\u0161, kad Tu esi keistas zmogus, i\u0161tarsi: \u201eD\u0116KUI.&#8221; Nes geriau b\u016bti keistuoliu, nei tokiam kaip visi!<\/p>\n<h2>\u012eKRAUTOS MINTYS TURINYS:<\/h2>\n<p>Pra\u0161ymas<br \/>\nM.<br \/>\nLaim\u0117<br \/>\nAntras kv\u0117pavimas<br \/>\nMisija \/ prasm\u0117<br \/>\nWAKE UP!<br \/>\nSANTYKIAI + L\u016aKES\u010cIAI<br \/>\nKaina (ko vertas \u017emogus)<br \/>\nMeilu\u017e\u0117<br \/>\nLaikas + tikslai<br \/>\nPikt\u017eol\u0117s<br \/>\nTiesa<br \/>\nDukra<br \/>\nViskas<br \/>\nLink\u0117jimas!<\/p>\n<p>\u012esikrauk laisv\u0117s, pasitik\u0117jimo, narsos, laim\u0117s, pozityvumo!<\/p>\n<p>O taip, Tavo laim\u0117 negali laukti \u0161e\u0161tadienio!<\/p>\n<h1>\u012esikrauk!<\/h1>\n","protected":false},"excerpt":{"rendered":"<p><span style=\"font-weight: 400;\">Pasiulymas veiks tik 4 valandas! (iki 1:00 nakties)!<\/span><\/p>\n<p>Knyga <strong>\u201e\u012ekrautos mintys&#8221;<\/strong> + DOVANA: KNYGA REVAN\u0160AS!<\/p>\n<p>Tam, kas i\u0161tars:<br \/>\n<span style=\"font-weight: 400;\">\u201eTu esi keistas\u201c,<br \/>\n<\/span><span style=\"font-weight: 400;\">pasakyk: <\/span><span style=\"font-weight: 400;\">\u201eD\u0116KUI.\u201c<br \/>\n<\/span><span style=\"font-weight: 400;\">Nes geriau b\u016bti\u00a0<\/span><span style=\"font-weight: 400;\">keistuoliu,<br \/>\nnei\u00a0<\/span><span style=\"font-weight: 400;\">tokiam kaip\u00a0<\/span><span style=\"font-weight: 400;\">visi.<\/span><span style=\"font-weight: 400;\"><br \/>\n<\/span><strong>\u2013\u00a0Alex Monaco<\/strong><\/p>\n<p>&nbsp;<\/p>\n<p>&nbsp;<\/p>\n","protected":false},"featured_media":427,"comment_status":"open","ping_status":"closed","template":"","meta":[],"product_cat":[15],"product_tag":[],"_links":{"self":[{"href":"https:\/\/monaco.lt\/parduotuve\/wp-json\/wp\/v2\/product\/426"}],"collection":[{"href":"https:\/\/monaco.lt\/parduotuve\/wp-json\/wp\/v2\/product"}],"about":[{"href":"https:\/\/monaco.lt\/parduotuve\/wp-json\/wp\/v2\/types\/product"}],"replies":[{"embeddable":true,"href":"https:\/\/monaco.lt\/parduotuve\/wp-json\/wp\/v2\/comments?post=426"}],"wp:featuredmedia":[{"embeddable":true,"href":"https:\/\/monaco.lt\/parduotuve\/wp-json\/wp\/v2\/media\/427"}],"wp:attachment":[{"href":"https:\/\/monaco.lt\/parduotuve\/wp-json\/wp\/v2\/media?parent=426"}],"wp:term":[{"taxonomy":"product_cat","embeddable":true,"href":"https:\/\/monaco.lt\/parduotuve\/wp-json\/wp\/v2\/product_cat?post=426"},{"taxonomy":"product_tag","embeddable":true,"href":"https:\/\/monaco.lt\/parduotuve\/wp-json\/wp\/v2\/product_tag?post=426"}],"curies":[{"name":"wp","href":"https:\/\/api.w.org\/{rel}","templated":true}]}}