{"id":22,"date":"2018-02-19T06:47:37","date_gmt":"2018-02-19T08:47:37","guid":{"rendered":"http:\/\/monaco.ainera.lt\/?post_type=product&#038;p=22"},"modified":"2023-02-15T15:27:19","modified_gmt":"2023-02-15T17:27:19","slug":"monaco-tusinukas","status":"publish","type":"product","link":"https:\/\/monaco.lt\/parduotuve\/produktas\/monaco-tusinukas\/","title":{"rendered":"Monaco tu\u0161inukas"},"content":{"rendered":"<p>Stilingas m\u0117lynos spalvos tu\u0161inukas su Alex Monaco logotipu neleis pamir\u0161ti tau siekti savo tiksl\u0173 ir pasira\u0161yti svarbiausias gyvenimo sutartis.<\/p>\n","protected":false},"excerpt":{"rendered":"<p><span style=\"font-weight: 400;\">Specialiai Alex Monaco biurui buvo sukurtas m\u0117lymas tu\u0161inukas. Tu turi galimyb\u0119 gauti tok\u012f pat\u012f.<\/span><\/p>\n","protected":false},"featured_media":127,"comment_status":"open","ping_status":"closed","template":"","meta":[],"product_cat":[17],"product_tag":[],"_links":{"self":[{"href":"https:\/\/monaco.lt\/parduotuve\/wp-json\/wp\/v2\/product\/22"}],"collection":[{"href":"https:\/\/monaco.lt\/parduotuve\/wp-json\/wp\/v2\/product"}],"about":[{"href":"https:\/\/monaco.lt\/parduotuve\/wp-json\/wp\/v2\/types\/product"}],"replies":[{"embeddable":true,"href":"https:\/\/monaco.lt\/parduotuve\/wp-json\/wp\/v2\/comments?post=22"}],"wp:featuredmedia":[{"embeddable":true,"href":"https:\/\/monaco.lt\/parduotuve\/wp-json\/wp\/v2\/media\/127"}],"wp:attachment":[{"href":"https:\/\/monaco.lt\/parduotuve\/wp-json\/wp\/v2\/media?parent=22"}],"wp:term":[{"taxonomy":"product_cat","embeddable":true,"href":"https:\/\/monaco.lt\/parduotuve\/wp-json\/wp\/v2\/product_cat?post=22"},{"taxonomy":"product_tag","embeddable":true,"href":"https:\/\/monaco.lt\/parduotuve\/wp-json\/wp\/v2\/product_tag?post=22"}],"curies":[{"name":"wp","href":"https:\/\/api.w.org\/{rel}","templated":true}]}}