{"id":17,"date":"2018-02-19T06:37:01","date_gmt":"2018-02-19T08:37:01","guid":{"rendered":"http:\/\/monaco.ainera.lt\/?post_type=product&#038;p=17"},"modified":"2025-05-27T12:56:22","modified_gmt":"2025-05-27T14:56:22","slug":"laimingo-sunsnukio-apyranke","status":"publish","type":"product","link":"https:\/\/monaco.lt\/parduotuve\/produktas\/laimingo-sunsnukio-apyranke\/","title":{"rendered":"Laimingo \u0161unsnukio apyrank\u0117"},"content":{"rendered":"<p><span style=\"font-weight: 400;\">Apra\u0161ymas:<\/span><\/p>\n<div class=\"_h8t\">\n<div class=\"_5wd9 direction_ltr\">\n<div class=\"_5wde _n4o\">\n<div class=\"_5w1r _3_om _5wdf\">\n<div class=\"_4gx_\">\n<div class=\"_d97\"><span class=\"_5yl5\">Yra dvi skirtingos apyrank\u0117s. Viena skirta Laimingai \u0161unsnukei, o antra &#8211; laimingam \u0161unsnukiui. Taigi, padovanok j\u0105 savo antrai pusei, draugams ir sau. Apsupk save ir kitus \u017emones pozityvumu! D\u0117mesio: Apyrank\u0117 yra i\u0161graviruota. Balta spalva, kuri\u0105 matai nuotraukoje po kurio laiko pradings. A\u0161 ne\u0161ioju \u0161i\u0105 i\u0161graviruot\u0105 apyrank\u0119. Joje jau neliko baltos spalvos, ta\u010diau graviruotas u\u017era\u0161as matosi puikiai!<\/span><\/div>\n<\/div>\n<\/div>\n<p>&nbsp;<\/p>\n<\/div>\n<\/div>\n<\/div>\n","protected":false},"excerpt":{"rendered":"<p><span style=\"font-weight: 400;\">Apsupk save ir kitus \u017emones pozityvumu.<\/span><\/p>\n","protected":false},"featured_media":128,"comment_status":"open","ping_status":"closed","template":"","meta":[],"product_cat":[17],"product_tag":[],"_links":{"self":[{"href":"https:\/\/monaco.lt\/parduotuve\/wp-json\/wp\/v2\/product\/17"}],"collection":[{"href":"https:\/\/monaco.lt\/parduotuve\/wp-json\/wp\/v2\/product"}],"about":[{"href":"https:\/\/monaco.lt\/parduotuve\/wp-json\/wp\/v2\/types\/product"}],"replies":[{"embeddable":true,"href":"https:\/\/monaco.lt\/parduotuve\/wp-json\/wp\/v2\/comments?post=17"}],"wp:featuredmedia":[{"embeddable":true,"href":"https:\/\/monaco.lt\/parduotuve\/wp-json\/wp\/v2\/media\/128"}],"wp:attachment":[{"href":"https:\/\/monaco.lt\/parduotuve\/wp-json\/wp\/v2\/media?parent=17"}],"wp:term":[{"taxonomy":"product_cat","embeddable":true,"href":"https:\/\/monaco.lt\/parduotuve\/wp-json\/wp\/v2\/product_cat?post=17"},{"taxonomy":"product_tag","embeddable":true,"href":"https:\/\/monaco.lt\/parduotuve\/wp-json\/wp\/v2\/product_tag?post=17"}],"curies":[{"name":"wp","href":"https:\/\/api.w.org\/{rel}","templated":true}]}}