{"id":1264,"date":"2026-04-18T12:29:43","date_gmt":"2026-04-18T14:29:43","guid":{"rendered":"https:\/\/monaco.lt\/parduotuve\/?post_type=product&#038;p=1264"},"modified":"2026-04-18T12:46:03","modified_gmt":"2026-04-18T14:46:03","slug":"monakas-gidas-monte-karlo","status":"publish","type":"product","link":"https:\/\/monaco.lt\/parduotuve\/produktas\/monakas-gidas-monte-karlo\/","title":{"rendered":"MONAKO GIDAS: I\u0161ankstiniai U\u017esakymai"},"content":{"rendered":"<p data-start=\"39\" data-end=\"159\">D\u0117mesio: tai i\u0161ankstiniai knygos u\u017esakymai, tod\u0117l knygos dar nesi\u0173sime, ta\u010diau j\u0105 gausite vos tik u\u017ebaigsime darbus.<\/p>\n","protected":false},"excerpt":{"rendered":"<p data-pm-slice=\"0 0 []\">Dvylika met\u0173 nagrin\u0117ju nyk\u0161tukin\u0119 karalyst\u0119 Monak\u0105. B\u016bdamas \u010dia susidraugavau su vietiniais \u2013 jie tapo mano gidais. Jie atskleid\u0117 geriausias vietas, kur skaniausia valgyti , ir kaip patirti tikr\u0105j\u012f Monak\u0105.<\/p>\n<p>Su\u017einojau daaaaaaaaaugyb\u0119 subtili\u0173 dalyk\u0173 apie vietin\u0119 kult\u016br\u0105 ir istorij\u0105 \u2013 apie tai, apie <strong>k\u0105 vietiniai BIJO GARSIAI KALB\u0116TI<\/strong>. Apie santykius, kuriuos \u010dia kuria turtuoliai\u2026 Apie&#8230; Apie&#8230; \u017dinau tiek daug, kad pagalvojau \u2013 o kas, jeigu i\u0161leis\u010diau Monako gid\u0105?<\/p>\n<p>Knygoje rasite informacij\u0105, kaip per vien\u0105 dien\u0105 pamatyti tai, ko kiti nepamato net po penki\u0173 apsilankym\u0173 Monake.<\/p>\n<p data-pm-slice=\"0 0 []\">J\u016bs gausite verting\u0105, niekur neskelbiam\u0105 informacij\u0105, kuri nepasiekiama net \u201eChatGPT\u201c ar kitiems paie\u0161kos varikliams.<\/p>\n<p><strong>Skaniausias maistas, geriausios vietos, kuri\u0173 ne\u017eino turistai, tuzinas \u201ehack\u0173\u201c apie gyvenim\u0105 ir nuom\u0105<\/strong> (juk ir j\u016bs nor\u0117site bent vienai nak\u010diai \u010dia pasilikti?), kurie ne tik praturtins j\u016bs\u0173 pa\u017eint\u012f su Monaku, bet ir pad\u0117s sutaupyti gerokai daugiau, nei kainuoja \u0161i knyga.<\/p>\n<p>\u0160iuo metu vyksta k\u016brimo darbai. Vos tik projektas bus baigtas, gausite lai\u0161k\u0105 ir su\u017einosite, kada spausdinsime bei kada tiksliai i\u0161si\u0173sime knyg\u0105 \u012f j\u016bs\u0173 namus.<\/p>\n","protected":false},"featured_media":1265,"comment_status":"open","ping_status":"closed","template":"","meta":[],"product_cat":[15],"product_tag":[25],"_links":{"self":[{"href":"https:\/\/monaco.lt\/parduotuve\/wp-json\/wp\/v2\/product\/1264"}],"collection":[{"href":"https:\/\/monaco.lt\/parduotuve\/wp-json\/wp\/v2\/product"}],"about":[{"href":"https:\/\/monaco.lt\/parduotuve\/wp-json\/wp\/v2\/types\/product"}],"replies":[{"embeddable":true,"href":"https:\/\/monaco.lt\/parduotuve\/wp-json\/wp\/v2\/comments?post=1264"}],"wp:featuredmedia":[{"embeddable":true,"href":"https:\/\/monaco.lt\/parduotuve\/wp-json\/wp\/v2\/media\/1265"}],"wp:attachment":[{"href":"https:\/\/monaco.lt\/parduotuve\/wp-json\/wp\/v2\/media?parent=1264"}],"wp:term":[{"taxonomy":"product_cat","embeddable":true,"href":"https:\/\/monaco.lt\/parduotuve\/wp-json\/wp\/v2\/product_cat?post=1264"},{"taxonomy":"product_tag","embeddable":true,"href":"https:\/\/monaco.lt\/parduotuve\/wp-json\/wp\/v2\/product_tag?post=1264"}],"curies":[{"name":"wp","href":"https:\/\/api.w.org\/{rel}","templated":true}]}}