{"id":1193,"date":"2025-03-25T14:27:05","date_gmt":"2025-03-25T16:27:05","guid":{"rendered":"https:\/\/monaco.lt\/parduotuve\/?post_type=product&#038;p=1193"},"modified":"2025-05-26T21:59:37","modified_gmt":"2025-05-26T23:59:37","slug":"sielos-drabuziai-betseleris","status":"publish","type":"product","link":"https:\/\/monaco.lt\/parduotuve\/produktas\/sielos-drabuziai-betseleris\/","title":{"rendered":"Sielos drabu\u017eiai arba becukris A. (betseleris)"},"content":{"rendered":"<p>Sielos drabu\u017eiai arba becukris Angelas<\/p>\n<p>Pristatome betseler\u012f!<\/p>\n","protected":false},"excerpt":{"rendered":"<p>NUSIRENK SIELOS DRABU\u017dIUS, PO KURIAIS VIS\u0104 GYVENIM\u0104 SL\u0116PEI SAVO TIKR\u0104J\u012e A\u0160!<\/p>\n<p>\u201eTais 2013-ais metais man ner\u016bp\u0117jo, i\u0161 kur pu\u010dia stiprus, mano s\u0117km\u0117s laiv\u0105 pirmyn stumiantis v\u0117jas, i\u0161 Kristaus ar i\u0161 velnio l\u016bp\u0173.&#8221;<br \/>\n\u2013Alex Monaco<\/p>\n","protected":false},"featured_media":1195,"comment_status":"open","ping_status":"closed","template":"","meta":[],"product_cat":[15],"product_tag":[],"_links":{"self":[{"href":"https:\/\/monaco.lt\/parduotuve\/wp-json\/wp\/v2\/product\/1193"}],"collection":[{"href":"https:\/\/monaco.lt\/parduotuve\/wp-json\/wp\/v2\/product"}],"about":[{"href":"https:\/\/monaco.lt\/parduotuve\/wp-json\/wp\/v2\/types\/product"}],"replies":[{"embeddable":true,"href":"https:\/\/monaco.lt\/parduotuve\/wp-json\/wp\/v2\/comments?post=1193"}],"wp:featuredmedia":[{"embeddable":true,"href":"https:\/\/monaco.lt\/parduotuve\/wp-json\/wp\/v2\/media\/1195"}],"wp:attachment":[{"href":"https:\/\/monaco.lt\/parduotuve\/wp-json\/wp\/v2\/media?parent=1193"}],"wp:term":[{"taxonomy":"product_cat","embeddable":true,"href":"https:\/\/monaco.lt\/parduotuve\/wp-json\/wp\/v2\/product_cat?post=1193"},{"taxonomy":"product_tag","embeddable":true,"href":"https:\/\/monaco.lt\/parduotuve\/wp-json\/wp\/v2\/product_tag?post=1193"}],"curies":[{"name":"wp","href":"https:\/\/api.w.org\/{rel}","templated":true}]}}