{"id":1117,"date":"2025-04-26T16:54:54","date_gmt":"2025-04-26T18:54:54","guid":{"rendered":"https:\/\/monaco.lt\/parduotuve\/?post_type=product&#038;p=1117"},"modified":"2026-04-29T05:48:57","modified_gmt":"2026-04-29T07:48:57","slug":"organiska-rinkodara-mokymai","status":"publish","type":"product","link":"https:\/\/monaco.lt\/parduotuve\/produktas\/organiska-rinkodara-mokymai\/","title":{"rendered":"ORGANI\u0160KOS rinkodaros mokymai: Gudr\u016bs reklamos sprendimai sumaniems \u017dmoniems"},"content":{"rendered":"<h2><strong>Po \u0161i\u0173 mokym\u0173 J\u016bs jausit\u0117s ramiau ir u\u017etikrin\u010diau \u017einodami:<\/strong><\/h2>\n<p><span style=\"font-weight: 400;\">\u2705 Kaip pa\u010diam \u201epasigaminti\u201d reklamos \u0161altinius, kuris priklausys tik jums, veiks 24\/7 ir kasdien pritrauks \u0161imtus klient\u0173 nors nemokate reklamos platformoms.<br \/>\n<\/span><span style=\"font-weight: 400;\">\u2705 Kaip surinkti did\u017eiul\u0119 klient\u0173 baz\u0119 ir automatizuoti pardavimus.<\/span><span style=\"font-weight: 400;\"><br \/>\n<\/span><span style=\"font-weight: 400;\">\u2705 Kaip parengti produkto ar paslaugos apra\u0161ym\u0105 \u2013 pasi\u016blym\u0105, kurio ne\u012fmanoma atsisakyti.<\/span><\/p>\n<p><span style=\"font-weight: 400;\">Tai daugiau nei mokymai! Tai filosofija, kuri padidins j\u016bs\u0173 vert\u0119 \u017emoni\u0173 ir pasaulio akyse. I\u0161moksite gauti u\u017esakymus automati\u0161kai, nes tapsite \u017emogumi, kuris traukia pirk\u0117jus kaip magnetas!<\/span><\/p>\n<h2><b>Vis dar svarstote, kaip pasielgti?<\/b><\/h2>\n<p><span style=\"font-weight: 400;\">Prisiminkite:<\/span><\/p>\n<p><span style=\"font-weight: 400;\">\u2705 Organin\u0117 rinkodara visuomet yra geriau nei mokama reklama!<\/span><span style=\"font-weight: 400;\"><br \/>\n<\/span><span style=\"font-weight: 400;\">\u2705 Mokama reklama ne visada atsiperka, ta\u010diau organin\u0117 rinkodara visada duoda naud\u0105!<br \/>\n<\/span><\/p>\n<h2><b>Kas yra organin\u0117 rinkodara?<\/b><\/h2>\n<p><span style=\"font-weight: 400;\">Organin\u0117 rinkodara \u2013 tai sumanus ir efektyvus reklamos metodas, kur\u012f naudoja sumaniausi \u017emon\u0117s bei kompanijos, nes tai yra protingiausias b\u016bdas reklamuotis.\u00a0<\/span><\/p>\n<p><span style=\"font-weight: 400;\">Tai \u2013 \u017emogi\u0161kas po\u017ei\u016bris \u012f pardavimus, kai d\u0117mesys skiriamas autenti\u0161kumui, skaidrumui ir nuo\u0161ird\u017eiam bendravimui su klientais. Organin\u0117 rinkodara n\u0117ra vien strategija \u2013 tai verslo kult\u016bra, paremta tikru ry\u0161iu su auditorija bei tikrosiomis vertyb\u0117mis.<\/span><\/p>\n<p><b>Organin\u0117 rinkodara geba:<\/b><\/p>\n<ol>\n<li style=\"font-weight: 400;\" aria-level=\"1\"><span style=\"font-weight: 400;\">U\u017etikrinti, kad reklama atrodyt\u0173 nat\u016braliai ir nuo\u0161ird\u017eiai.<\/span><\/li>\n<li style=\"font-weight: 400;\" aria-level=\"1\"><span style=\"font-weight: 400;\">Suma\u017einti atstum\u0105 tarp tavo \u012fmon\u0117s ir klient\u0173.<\/span><\/li>\n<li style=\"font-weight: 400;\" aria-level=\"1\"><span style=\"font-weight: 400;\">Automatizuoti reklamos procesus, taupant laik\u0105.<\/span><\/li>\n<li style=\"font-weight: 400;\" aria-level=\"1\"><span style=\"font-weight: 400;\">Sukurti bendruomen\u0119, kuri veiks nemokant n\u0117 cento administratoriams.<\/span><\/li>\n<li style=\"font-weight: 400;\" aria-level=\"1\"><span style=\"font-weight: 400;\">Leisti reklamai \u201egimti savaime\u201c \u2013 reklama be reklamos.<\/span><\/li>\n<li style=\"font-weight: 400;\" aria-level=\"1\"><span style=\"font-weight: 400;\">Suteikti nepriklausomyb\u0119 nuo mokamos reklamos platform\u0173.<\/span><\/li>\n<li style=\"font-weight: 400;\" aria-level=\"1\"><span style=\"font-weight: 400;\">U\u017etikrinti, kad reklama veiks ilg\u0105 laik\u0105, nereikalaujant papildom\u0173 i\u0161laid\u0173.<\/span><\/li>\n<\/ol>\n<h2><strong>Kod\u0117l verta rinktis organin\u0119 rinkodar\u0105?<\/strong><\/h2>\n<p><span style=\"font-weight: 400;\">Net J\u0117zus naudojo organin\u0119 rinkodar\u0105, kad sukurt\u0173 bendruomen\u0119. <\/span><span style=\"font-weight: 400;\">Tai yra nuostabiausias reklamos \u012frankis, kuris padeda \u017eenkliai padidinti pardavimus be tradicin\u0117s reklamos.<\/span><\/p>\n<h2><b>Apie sumanius verslininkus<\/b><\/h2>\n<p><span style=\"font-weight: 400;\">Pasaulyje ir Lietuvoje yra verslinink\u0173, kurie sumaniai apeina standartinius reklamos b\u016bdus (apie juos su\u017einosite renginio metu). Jie nesinaudoja \u201eMeta\u201c ar kitomis mokamos reklamos platformomis, ta\u010diau parduoda daug, nes pasitelkia organin\u0119 rinkodar\u0105.<\/span><\/p>\n<p><span style=\"font-weight: 400;\">J\u016bs taip pat galite:<\/span><span style=\"font-weight: 400;\"><br \/>\n<\/span><span style=\"font-weight: 400;\">\u2705 Naudotis organine rinkodara.<\/span><span style=\"font-weight: 400;\"><br \/>\n<\/span><span style=\"font-weight: 400;\">\u2705 Susikurti autonominius, nuolat veikian\u010dius klient\u0173 \u0161altinius.<\/span><span style=\"font-weight: 400;\"><br \/>\n<\/span><span style=\"font-weight: 400;\">\u2705 Sukurti skaitmenin\u0119 bendruomen\u0119, kuri veiks be j\u016bs\u0173 nuolatin\u0117s prie\u017ei\u016bros.<\/span><\/p>\n<p><i><span style=\"font-weight: 400;\">Aplenkite konkurentus, naudodami i\u0161manius reklamos metodus! <\/span><\/i><i><span style=\"font-weight: 400;\">Tokie metodai reikalauja ma\u017eiau investicij\u0173, nei naudoja j\u016bs\u0173 konkurentai. B\u016bkite greitesni, sumanesni ir stebinkite dr\u0105siais nestandartiniais sprendimais.<\/span><\/i><\/p>\n<p>Nepraleiskite \u0161ios galimyb\u0117s! \ud83c\udf1f<\/p>\n","protected":false},"excerpt":{"rendered":"<p><span style=\"font-weight: 400;\">Pristatome<\/span> autorinius <span style=\"font-weight: 400;\"><strong>ONLINE mokymus<\/strong>, pritaikytus Lietuvos rinkai! Mokymus ves Alex Monaco bei ypatingi sve\u010diai.<\/span><\/p>\n<p>Mokymai vyks dvi dienas, <strong>Gegu\u017e\u0117s 26 d. (pirma dalis)<\/strong> bei <strong>Bir\u017eelio 16 d. (antra dalis) <\/strong>nuo 19:00 iki 20:30 val. Mokym\u0173 \u012fra\u0161ai bus prieinami, tad tie, kurie negal\u0117s dalyvauti tiesiogiai, gal\u0117s juos per\u017ei\u016br\u0117ti.<\/p>\n<p><strong>MOKYM\u0172 METU SU\u017dINOSITE \/ I\u0160MOKSITE:<\/strong><\/p>\n<p>\u2705 Kaip reklamuotis gudriai ir sumaniai. Kaip \u201epasigaminti\u201d reklamos \u0161altinius, kurie priklausys tik jums, veiks 24\/7 ir kasdien pritrauks \u0161imtus klient\u0173 nors nemokate reklamos platformoms.<br \/>\n\u2705 Kaip kurti i\u0161tikim\u0173 klient\u0173 gaudykles, bazes ir automatizuoti pardavimo proces\u0105.<br \/>\n\u2705 S\u0117km\u0117s istorijas: su\u017einosite, kas Lietuvoje s\u0117kmingai naudoja organin\u0119 rinkodar\u0105, kiek u\u017edirba s\u0117kmingos \u012fmon\u0117s ir kiek galite u\u017edirbti j\u016bs.<br \/>\n\u2705 Kaip kurti \u201e\u017emogi\u0161k\u0105\u201c reklam\u0105, kuri sukelia j\u016bs\u0173 klientams nor\u0105 rekomenduoti jus kitiems.<br \/>\n\u2705 Kaip diversifikuoti organi\u0161kos reklamos kanalus, kad stabilizuotum\u0117te nuolatin\u012f klient\u0173 sraut\u0105.<br \/>\n\u2705 Kaip jau per pirm\u0105 m\u0117nes\u012f gauti ma\u017eiausiai 100 kokybi\u0161k\u0173 klient\u0173 visi\u0161kai nemokant u\u017e paspaudimus \u2013 tik potencial\u016bs klientai!<br \/>\n\u2705 Kaip pakilti \u012f pirm\u0105sias vietas \u201eGoogle\u201c ir socialini\u0173 tinkl\u0173 paie\u0161kos rezultatuose \u2013 \u201eFacebook\u201c, \u201eInstagram\u201c, \u201eTikTok\u201c. Pasinaudokite socialini\u0173 tinkl\u0173 vartotoj\u0173 paie\u0161kos \u012fpro\u010diais!<br \/>\n\u2705 Kaip su\u017eav\u0117ti lankytojus, kad jie negal\u0117t\u0173 atsisakyti j\u016bs\u0173 pasi\u016blymo ir galiausiai spustel\u0117t\u0173 mygtuk\u0105 \u201epirkti\u201c.<br \/>\n\u2705 Kaip susikurti savo bendruomen\u0119, kuri veiks be nuolatin\u0117s prie\u017ei\u016bros.<br \/>\n\u2705 Kaip susirasti B2B partneri\u0173, kurie parduos j\u016bs\u0173 produktus dideliais kiekiais.<\/p>\n<p><strong>PASAULIS PASIKEIT\u0116&#8230;<\/strong><\/p>\n<p><b>\u2026.<\/b><span style=\"font-weight: 400;\">Pasaulis pasikeit\u0117. Mokama reklama nebekonvertuoja<\/span> <span style=\"font-weight: 400;\">taip, kaip prie\u0161 kelerius metus. Tod\u0117l b\u016bt\u0173 protinga pasinaudoti sumaniais reklamos sprendimais.\u00a0<\/span><b>KAS YRA SUMANI REKLAMA? <\/b><span style=\"font-weight: 400;\">Sumani reklama \u2013 tai sprendimai, <\/span><b>k<\/b><b>urie u\u017etikrina nuolatinius NEMOKAMUS klient\u0173 srautu<\/b><b>s &#8211; fontanus. <\/b>Tai svarbu, nes jei nustosite mok\u0117ti Zuckerbergui ir kitoms reklamos paslaugas teikian\u010dioms platformoms bei pasinaudosite OR \u012frankiais, tuomet j\u016bs\u0173 reklamos i\u0161laidos suma\u017e\u0117s, o pelnas \u2013 ims augti!<\/p>\n<p>Tai mokymai, kuri\u0173 tikslas \u2013 i\u0161laisvinti jus nuo nuolatinio galvos\u016bkio, kiek biud\u017eeto skirti mokamai reklamai. Tik pagalvokite, kaip b\u016bt\u0173 nuostabu su\u017einoti, kaip tapti matomiems ne tik paie\u0161kos sistemose, bet ir socialiniuose tinkluose, partneri\u0173 platformose bei kitur. Ir visa tai \u2013 nat\u016braliai, nes i\u0161moksite naudotis rinkodara sumaniai ir gudriai.<\/p>\n<p><strong>K\u0104 GAUSITE:<\/strong><\/p>\n<ul>\n<li style=\"font-weight: 400;\" aria-level=\"1\"><span style=\"font-weight: 400;\">Tiesiogines transliacijas;<\/span><\/li>\n<li style=\"font-weight: 400;\" aria-level=\"1\"><span style=\"font-weight: 400;\">Mokym\u0173 med\u017eiag\u0105;<\/span><\/li>\n<li style=\"font-weight: 400;\" aria-level=\"1\"><span style=\"font-weight: 400;\">Kontrolin\u012f s\u0105ra\u0161\u0105(checklist\u2019us);<\/span><\/li>\n<li style=\"font-weight: 400;\" aria-level=\"1\"><span style=\"font-weight: 400;\">Tiesiogin\u012f bendravim\u0105 su lektoriumi Alex Monaco bei ypatingais sve\u010diais \u2013 gal\u0117site u\u017eduoti klausimus ir gauti atsakymus;<\/span><\/li>\n<li style=\"font-weight: 400;\" aria-level=\"1\"><span style=\"font-weight: 400;\">Special\u0173 klausim\u0173-atsakym\u0173 seans\u0105, kur gal\u0117site u\u017eduoti net 10 klausim\u0173, \u012f kuriuos tikrai bus atsakyta;<\/span><\/li>\n<li style=\"font-weight: 400;\" aria-level=\"1\"><span style=\"font-weight: 400;\">Prisijungim\u0105 prie u\u017edaros organin\u0117s rinkodaros profesional\u0173 grup\u0117s, skirtos tik \u0161iems mokymams;<\/span><\/li>\n<li style=\"font-weight: 400;\" aria-level=\"1\"><span style=\"font-weight: 400;\">Staigmen\u0105 ir dovan\u0105;<\/span><\/li>\n<li style=\"font-weight: 400;\" aria-level=\"1\"><span style=\"font-weight: 400;\">Special\u0173 sve\u010dio prane\u0161im\u0105 \u2013 \u017emogaus, kuris, panaudoj\u0119s organin\u0119 rinkodar\u0105, pasiek\u0117 s\u0117km\u0119 ir \u012fk\u016br\u0117 \u012fmon\u0119 Pranc\u016bzijoje.<\/span><\/li>\n<\/ul>\n<p><span style=\"font-weight: 400;\">\u0160ie mokymai nepasikartos \u2013 tai vienintelis \u0161ansas! Mokym\u0173 metu ne tik \u012fgysite \u017eini\u0173, bet ir susirasite draug\u0173, partneri\u0173 bei bendramin\u010di\u0173, kurie, kaip ir j\u016bs, nenaudoja mokamos reklamos.<\/span><\/p>\n<h2><strong>KAM SKIRTI MOKYMAI<\/strong><\/h2>\n<p><i><span style=\"font-weight: 400;\">\u2714 El. parduotuvi\u0173 savininkams<\/span><\/i><i><span style=\"font-weight: 400;\"><br \/>\n<\/span><\/i><i><span style=\"font-weight: 400;\">\u2714 Mokytojams<\/span><\/i><i><span style=\"font-weight: 400;\"><br \/>\n<\/span><\/i><i><span style=\"font-weight: 400;\">\u2714 Marketingo specialistams<br \/>\n<\/span><\/i><i><span style=\"font-weight: 400;\">\u2714 Vadovams<br \/>\n<\/span><\/i><i><span style=\"font-weight: 400;\">\u2714 Treneriams, kou\u010deriams<\/span><\/i><i><span style=\"font-weight: 400;\"><br \/>\n<\/span><\/i><i><span style=\"font-weight: 400;\">\u2714 Influenceriams, norintiems efektyviai monetizuoti paskyras be apgauling\u0173 reklam\u0173.<br \/>\n\u2714 Paslaug\u0173 teik\u0117jams<br \/>\n\u2714 Produkt\u0173 k\u016br\u0117jams<br \/>\n\u2714 Tiems, kurie dar ne\u017eino, kok\u012f versl\u0105 kurs, nes \u0161ie mokymai padeda suprasti, kok\u012f versl\u0105 verta kurti. \u0160ios \u017einios pravers visais atvejais ateityje.<\/span><\/i><\/p>\n<h2><b>KAIP IR KADA VYKS MOKYMAI<br \/>\n<\/b><\/h2>\n<p><span style=\"font-weight: 400;\">Vos tik atliksite mok\u0117jim\u0105, el. pa\u0161tu gausite kvietim\u0105 prisijungti prie u\u017edaros grup\u0117s, kurioje jau vyksta veiksmas. <\/span><span style=\"font-weight: 400;\">Prisijung\u0119 i\u0161 karto sulauksite d\u0117mesio!<\/span><span style=\"font-weight: 400;\"> Vyks pasiruo\u0161imo veiklos, bendruomen\u0117s nari\u0173 susipa\u017einimas ir kontakt\u0173 u\u017emezgimas \u2013 tai taip pat suteikia did\u017eiul\u0119 vert\u0119!<\/span><\/p>\n<p><b>Mokym\u0173 \u012fra\u0161ai bus prieinami dvi savaites, tad tie, kurie negal\u0117s dalyvauti tiesiogiai, gal\u0117s juos per\u017ei\u016br\u0117ti. Ta\u010diau rekomenduojame dalyvauti vis\u0105 mokym\u0173 laik\u0105, nes taip gausite maksimali\u0105 naud\u0105.<\/b><\/p>\n","protected":false},"featured_media":1119,"comment_status":"open","ping_status":"closed","template":"","meta":[],"product_cat":[15],"product_tag":[],"_links":{"self":[{"href":"https:\/\/monaco.lt\/parduotuve\/wp-json\/wp\/v2\/product\/1117"}],"collection":[{"href":"https:\/\/monaco.lt\/parduotuve\/wp-json\/wp\/v2\/product"}],"about":[{"href":"https:\/\/monaco.lt\/parduotuve\/wp-json\/wp\/v2\/types\/product"}],"replies":[{"embeddable":true,"href":"https:\/\/monaco.lt\/parduotuve\/wp-json\/wp\/v2\/comments?post=1117"}],"wp:featuredmedia":[{"embeddable":true,"href":"https:\/\/monaco.lt\/parduotuve\/wp-json\/wp\/v2\/media\/1119"}],"wp:attachment":[{"href":"https:\/\/monaco.lt\/parduotuve\/wp-json\/wp\/v2\/media?parent=1117"}],"wp:term":[{"taxonomy":"product_cat","embeddable":true,"href":"https:\/\/monaco.lt\/parduotuve\/wp-json\/wp\/v2\/product_cat?post=1117"},{"taxonomy":"product_tag","embeddable":true,"href":"https:\/\/monaco.lt\/parduotuve\/wp-json\/wp\/v2\/product_tag?post=1117"}],"curies":[{"name":"wp","href":"https:\/\/api.w.org\/{rel}","templated":true}]}}