{"id":100,"date":"2018-04-10T07:20:38","date_gmt":"2018-04-10T09:20:38","guid":{"rendered":"http:\/\/monaco.lt\/eshop\/?post_type=product&#038;p=100"},"modified":"2023-02-15T15:30:59","modified_gmt":"2023-02-15T17:30:59","slug":"lipduku-rinkinys","status":"publish","type":"product","link":"https:\/\/monaco.lt\/parduotuve\/produktas\/lipduku-rinkinys\/","title":{"rendered":"Lipduk\u0173 rinkinys"},"content":{"rendered":"<p><span style=\"font-weight: 400;\">Lipdukus galima klijuoti visur kur juose esantys u\u017era\u0161ai primins apie tai &#8211; kas svarbiausia. Klijuoti galima ant: automobilio panel\u0117s, darbo knyg\u0173, \u0161aldytuvo, veidrod\u017eio, mobilaus nugar\u0117l\u0117s, it t.t.<\/span><\/p>\n<p>Lipduk\u0173 rinkin\u012f sudaro 7 skirting\u0173 u\u017era\u0161\u0173 lipdukai.<\/p>\n<p>&nbsp;<\/p>\n","protected":false},"excerpt":{"rendered":"<p>Prisimink apie tai kas svarbiausia.<\/p>\n","protected":false},"featured_media":131,"comment_status":"open","ping_status":"closed","template":"","meta":[],"product_cat":[17],"product_tag":[],"_links":{"self":[{"href":"https:\/\/monaco.lt\/parduotuve\/wp-json\/wp\/v2\/product\/100"}],"collection":[{"href":"https:\/\/monaco.lt\/parduotuve\/wp-json\/wp\/v2\/product"}],"about":[{"href":"https:\/\/monaco.lt\/parduotuve\/wp-json\/wp\/v2\/types\/product"}],"replies":[{"embeddable":true,"href":"https:\/\/monaco.lt\/parduotuve\/wp-json\/wp\/v2\/comments?post=100"}],"wp:featuredmedia":[{"embeddable":true,"href":"https:\/\/monaco.lt\/parduotuve\/wp-json\/wp\/v2\/media\/131"}],"wp:attachment":[{"href":"https:\/\/monaco.lt\/parduotuve\/wp-json\/wp\/v2\/media?parent=100"}],"wp:term":[{"taxonomy":"product_cat","embeddable":true,"href":"https:\/\/monaco.lt\/parduotuve\/wp-json\/wp\/v2\/product_cat?post=100"},{"taxonomy":"product_tag","embeddable":true,"href":"https:\/\/monaco.lt\/parduotuve\/wp-json\/wp\/v2\/product_tag?post=100"}],"curies":[{"name":"wp","href":"https:\/\/api.w.org\/{rel}","templated":true}]}}